{"id":1038,"date":"2023-09-29T12:28:41","date_gmt":"2023-09-29T10:28:41","guid":{"rendered":"https:\/\/aliansewangeliczny.pl\/?page_id=1038"},"modified":"2023-09-30T10:35:05","modified_gmt":"2023-09-30T08:35:05","slug":"konferencja-problemy-wypalenia-liderow","status":"publish","type":"page","link":"https:\/\/aliansewangeliczny.pl\/index.php\/konferencja-problemy-wypalenia-liderow\/","title":{"rendered":"Konferencja &#8222;Problemy wypalenia lider\u00f3w&#8221;"},"content":{"rendered":"\t\t<div data-elementor-type=\"wp-page\" data-elementor-id=\"1038\" class=\"elementor elementor-1038\" data-elementor-post-type=\"page\">\n\t\t\t\t\t\t<section class=\"elementor-section elementor-top-section elementor-element elementor-element-2327db7 elementor-section-boxed elementor-section-height-default elementor-section-height-default\" data-id=\"2327db7\" data-element_type=\"section\">\n\t\t\t\t\t\t<div class=\"elementor-container elementor-column-gap-default\">\n\t\t\t\t\t<div class=\"elementor-column elementor-col-100 elementor-top-column elementor-element elementor-element-40828a5\" data-id=\"40828a5\" data-element_type=\"column\">\n\t\t\t<div class=\"elementor-widget-wrap elementor-element-populated\">\n\t\t\t\t\t\t<div class=\"elementor-element elementor-element-5be7e4b elementor-widget elementor-widget-image\" data-id=\"5be7e4b\" data-element_type=\"widget\" data-widget_type=\"image.default\">\n\t\t\t\t<div class=\"elementor-widget-container\">\n\t\t\t\t\t\t\t\t\t\t\t\t\t\t\t<img fetchpriority=\"high\" decoding=\"async\" width=\"768\" height=\"644\" src=\"https:\/\/aliansewangeliczny.pl\/wp-content\/uploads\/2023\/09\/problemy-wypalenia-liderow-1-768x644.jpg\" class=\"attachment-medium_large size-medium_large wp-image-1076\" alt=\"\" srcset=\"https:\/\/aliansewangeliczny.pl\/wp-content\/uploads\/2023\/09\/problemy-wypalenia-liderow-1-768x644.jpg 768w, https:\/\/aliansewangeliczny.pl\/wp-content\/uploads\/2023\/09\/problemy-wypalenia-liderow-1-300x251.jpg 300w, https:\/\/aliansewangeliczny.pl\/wp-content\/uploads\/2023\/09\/problemy-wypalenia-liderow-1.jpg 940w\" sizes=\"(max-width: 768px) 100vw, 768px\" \/>\t\t\t\t\t\t\t\t\t\t\t\t\t\t\t<\/div>\n\t\t\t\t<\/div>\n\t\t\t\t<div class=\"elementor-element elementor-element-1a151c0 elementor-widget elementor-widget-heading\" data-id=\"1a151c0\" data-element_type=\"widget\" data-widget_type=\"heading.default\">\n\t\t\t\t<div class=\"elementor-widget-container\">\n\t\t\t\t\t<h1 class=\"elementor-heading-title elementor-size-default\">Problemy wypalenia lider\u00f3w<\/h1>\t\t\t\t<\/div>\n\t\t\t\t<\/div>\n\t\t\t\t<div class=\"elementor-element elementor-element-4869c20 elementor-widget elementor-widget-text-editor\" data-id=\"4869c20\" data-element_type=\"widget\" data-widget_type=\"text-editor.default\">\n\t\t\t\t<div class=\"elementor-widget-container\">\n\t\t\t\t\t\t\t\t\t<p>&#8211; Konferencja Aliansu Ewangelicznego<\/p>\t\t\t\t\t\t\t\t<\/div>\n\t\t\t\t<\/div>\n\t\t\t\t<div class=\"elementor-element elementor-element-aa6437c elementor-widget elementor-widget-text-editor\" data-id=\"aa6437c\" data-element_type=\"widget\" data-widget_type=\"text-editor.default\">\n\t\t\t\t<div class=\"elementor-widget-container\">\n\t\t\t\t\t\t\t\t\t<p><i><span style=\"font-size: large;\">Od lat obserwuj\u0119, \u017ce pe\u0142ni pasji, wierni Bogu pastorzy (i inni przyw\u00f3dcy) &#8222;zu\u017cywaj\u0105 si\u0119&#8221; w swojej s\u0142u\u017cbie. <br \/><\/span><\/i><i><span style=\"font-size: large;\">R\u00f3\u017cnie to nazywamy: zm\u0119czenie, zniech\u0119cenie, wypalenie a czasem pozwalamy sobie na u\u017cycie s\u0142owa depresja. <br \/>I nie jest to zjawisko rzadkie, zwykle po kilkunastu latach pojawiaj\u0105 si\u0119 pierwsze objawy &#8222;zu\u017cycia&#8221;. Nieliczni sobie z tym dobrze radz\u0105. <\/span><\/i><\/p><p><i><span style=\"font-size: large;\">Zamiast stosowa\u0107 r\u00f3\u017cnego rodzaju &#8222;znieczulacze&#8221; (jaka\u015b szczeg\u00f3lna doktryna albo coraz to nowy model dzia\u0142ania), proponujemy stawi\u0107 temu czo\u0142a, aby znale\u017a\u0107 dobre rozwi\u0105zanie. Pomog\u0105 nam w tym do\u015bwiadczeni fachowcy.<\/span><\/i><\/p><p>Andrzej N\u0119dzusiak<br \/>Przewodnicz\u0105cy Aliansu Ewangelicznego<\/p>\t\t\t\t\t\t\t\t<\/div>\n\t\t\t\t<\/div>\n\t\t\t\t\t<\/div>\n\t\t<\/div>\n\t\t\t\t\t<\/div>\n\t\t<\/section>\n\t\t\t\t<section class=\"elementor-section elementor-top-section elementor-element elementor-element-67023d0 elementor-section-boxed elementor-section-height-default elementor-section-height-default\" data-id=\"67023d0\" data-element_type=\"section\">\n\t\t\t\t\t\t<div class=\"elementor-container elementor-column-gap-default\">\n\t\t\t\t\t<div class=\"elementor-column elementor-col-100 elementor-top-column elementor-element elementor-element-3d65bec\" data-id=\"3d65bec\" data-element_type=\"column\">\n\t\t\t<div class=\"elementor-widget-wrap elementor-element-populated\">\n\t\t\t\t\t\t<div class=\"elementor-element elementor-element-9d8c0e5 elementor-widget elementor-widget-text-editor\" data-id=\"9d8c0e5\" data-element_type=\"widget\" data-widget_type=\"text-editor.default\">\n\t\t\t\t<div class=\"elementor-widget-container\">\n\t\t\t\t\t\t\t\t\t<p><strong>Miejsce:<\/strong><\/p>\t\t\t\t\t\t\t\t<\/div>\n\t\t\t\t<\/div>\n\t\t\t\t<div class=\"elementor-element elementor-element-6367402 elementor-widget elementor-widget-text-editor\" data-id=\"6367402\" data-element_type=\"widget\" data-widget_type=\"text-editor.default\">\n\t\t\t\t<div class=\"elementor-widget-container\">\n\t\t\t\t\t\t\t\t\t<p>Wy\u017csza Szko\u0142a Teologiczno &#8211; Spo\u0142eczna w Warszawie\u00a0<br \/>ul. Wyborna 20\u00a0<\/p>\t\t\t\t\t\t\t\t<\/div>\n\t\t\t\t<\/div>\n\t\t\t\t<div class=\"elementor-element elementor-element-b492426 elementor-widget elementor-widget-text-editor\" data-id=\"b492426\" data-element_type=\"widget\" data-widget_type=\"text-editor.default\">\n\t\t\t\t<div class=\"elementor-widget-container\">\n\t\t\t\t\t\t\t\t\t<p><strong>Kiedy:<\/strong><\/p>\t\t\t\t\t\t\t\t<\/div>\n\t\t\t\t<\/div>\n\t\t\t\t<div class=\"elementor-element elementor-element-93c0540 elementor-widget elementor-widget-text-editor\" data-id=\"93c0540\" data-element_type=\"widget\" data-widget_type=\"text-editor.default\">\n\t\t\t\t<div class=\"elementor-widget-container\">\n\t\t\t\t\t\t\t\t\t<p>8 listopada 2023 r. (\u015broda) &#8211; godz. 11:00 &#8211; 17:00<\/p>\t\t\t\t\t\t\t\t<\/div>\n\t\t\t\t<\/div>\n\t\t\t\t<div class=\"elementor-element elementor-element-29dd65d elementor-widget elementor-widget-text-editor\" data-id=\"29dd65d\" data-element_type=\"widget\" data-widget_type=\"text-editor.default\">\n\t\t\t\t<div class=\"elementor-widget-container\">\n\t\t\t\t\t\t\t\t\t<p><strong>Plan:<\/strong><\/p>\t\t\t\t\t\t\t\t<\/div>\n\t\t\t\t<\/div>\n\t\t\t\t<div class=\"elementor-element elementor-element-c7aedaf elementor-widget elementor-widget-text-editor\" data-id=\"c7aedaf\" data-element_type=\"widget\" data-widget_type=\"text-editor.default\">\n\t\t\t\t<div class=\"elementor-widget-container\">\n\t\t\t\t\t\t\t\t\t<p>11:00 Rozpocz\u0119cie konferencji\u00a0<\/p><p>11:15 Wyk\u0142ad I &#8211; Ireneusz Dawidowicz<\/p><p>12:00 Warsztat &#8211; Nina Krysto\u0144\u00a0<\/p><p>12:45 Lunch<\/p><p>13:30 Agenda organizacyjna<\/p><p>14:30 Wyk\u0142ad II &#8211; Przemys\u0142aw Kopyto\u00a0<\/p><p>15:20 Wyk\u0142ad II &#8211; Ireneusz Dawidowicz<br \/><br \/>Pytania i odpowiedzi\u00a0<\/p><p>17:00 Zako\u0144czenie konferencji<\/p><p>\u00a0<\/p>\t\t\t\t\t\t\t\t<\/div>\n\t\t\t\t<\/div>\n\t\t\t\t<div class=\"elementor-element elementor-element-4b689fa elementor-widget elementor-widget-text-editor\" data-id=\"4b689fa\" data-element_type=\"widget\" data-widget_type=\"text-editor.default\">\n\t\t\t\t<div class=\"elementor-widget-container\">\n\t\t\t\t\t\t\t\t\t<p><strong>Koszt:<\/strong><\/p>\t\t\t\t\t\t\t\t<\/div>\n\t\t\t\t<\/div>\n\t\t\t\t<div class=\"elementor-element elementor-element-8b44a1a elementor-widget elementor-widget-text-editor\" data-id=\"8b44a1a\" data-element_type=\"widget\" data-widget_type=\"text-editor.default\">\n\t\t\t\t<div class=\"elementor-widget-container\">\n\t\t\t\t\t\t\t\t\t<p>100 z\u0142 (w cenie lunch i przerwy kawowe)<br \/><br \/>p\u0142atne na konto:\u00a0<\/p><p>Alians Ewangeliczny\u00a0<br \/>45 1020 1156 0000 7202 0071 0897<br \/>(z dopiskiem: konferencja)<\/p>\t\t\t\t\t\t\t\t<\/div>\n\t\t\t\t<\/div>\n\t\t\t\t\t<\/div>\n\t\t<\/div>\n\t\t\t\t\t<\/div>\n\t\t<\/section>\n\t\t\t\t<section class=\"elementor-section elementor-top-section elementor-element elementor-element-6e5da5a elementor-section-boxed elementor-section-height-default elementor-section-height-default\" data-id=\"6e5da5a\" data-element_type=\"section\">\n\t\t\t\t\t\t<div class=\"elementor-container elementor-column-gap-default\">\n\t\t\t\t\t<div class=\"elementor-column elementor-col-100 elementor-top-column elementor-element elementor-element-ae7813f\" data-id=\"ae7813f\" data-element_type=\"column\">\n\t\t\t<div class=\"elementor-widget-wrap elementor-element-populated\">\n\t\t\t\t\t\t<div class=\"elementor-element elementor-element-8288c0a elementor-align-justify elementor-widget elementor-widget-button\" data-id=\"8288c0a\" data-element_type=\"widget\" data-widget_type=\"button.default\">\n\t\t\t\t<div class=\"elementor-widget-container\">\n\t\t\t\t\t\t\t\t\t<div class=\"elementor-button-wrapper\">\n\t\t\t\t\t<a class=\"elementor-button elementor-button-link elementor-size-lg\" href=\"https:\/\/forms.gle\/59oJMdhLF5aJdLEcA\">\n\t\t\t\t\t\t<span class=\"elementor-button-content-wrapper\">\n\t\t\t\t\t\t\t\t\t<span class=\"elementor-button-text\">ZG\u0141O\u015a SI\u0118<\/span>\n\t\t\t\t\t<\/span>\n\t\t\t\t\t<\/a>\n\t\t\t\t<\/div>\n\t\t\t\t\t\t\t\t<\/div>\n\t\t\t\t<\/div>\n\t\t\t\t\t<\/div>\n\t\t<\/div>\n\t\t\t\t\t<\/div>\n\t\t<\/section>\n\t\t\t\t<section class=\"elementor-section elementor-top-section elementor-element elementor-element-288f2b0 elementor-section-boxed elementor-section-height-default elementor-section-height-default\" data-id=\"288f2b0\" data-element_type=\"section\">\n\t\t\t\t\t\t<div class=\"elementor-container elementor-column-gap-default\">\n\t\t\t\t\t<div class=\"elementor-column elementor-col-100 elementor-top-column elementor-element elementor-element-525dba3\" data-id=\"525dba3\" data-element_type=\"column\">\n\t\t\t<div class=\"elementor-widget-wrap elementor-element-populated\">\n\t\t\t\t\t\t<div class=\"elementor-element elementor-element-04d1960 elementor-widget elementor-widget-heading\" data-id=\"04d1960\" data-element_type=\"widget\" data-widget_type=\"heading.default\">\n\t\t\t\t<div class=\"elementor-widget-container\">\n\t\t\t\t\t<h2 class=\"elementor-heading-title elementor-size-default\">Nasi m\u00f3wcy<\/h2>\t\t\t\t<\/div>\n\t\t\t\t<\/div>\n\t\t\t\t\t<\/div>\n\t\t<\/div>\n\t\t\t\t\t<\/div>\n\t\t<\/section>\n\t\t\t\t<section class=\"elementor-section elementor-top-section elementor-element elementor-element-a406f56 elementor-section-boxed elementor-section-height-default elementor-section-height-default\" data-id=\"a406f56\" data-element_type=\"section\">\n\t\t\t\t\t\t<div class=\"elementor-container elementor-column-gap-default\">\n\t\t\t\t\t<div class=\"elementor-column elementor-col-33 elementor-top-column elementor-element elementor-element-9f0ffa6\" data-id=\"9f0ffa6\" data-element_type=\"column\">\n\t\t\t<div class=\"elementor-widget-wrap elementor-element-populated\">\n\t\t\t\t\t\t<div class=\"elementor-element elementor-element-929e830 elementor-position-top elementor-widget elementor-widget-image-box\" data-id=\"929e830\" data-element_type=\"widget\" data-widget_type=\"image-box.default\">\n\t\t\t\t<div class=\"elementor-widget-container\">\n\t\t\t\t\t<div class=\"elementor-image-box-wrapper\"><figure class=\"elementor-image-box-img\"><img decoding=\"async\" width=\"717\" height=\"1024\" src=\"https:\/\/aliansewangeliczny.pl\/wp-content\/uploads\/2023\/09\/ID1-717x1024-1.jpg\" class=\"attachment-full size-full wp-image-1112\" alt=\"\" srcset=\"https:\/\/aliansewangeliczny.pl\/wp-content\/uploads\/2023\/09\/ID1-717x1024-1.jpg 717w, https:\/\/aliansewangeliczny.pl\/wp-content\/uploads\/2023\/09\/ID1-717x1024-1-210x300.jpg 210w\" sizes=\"(max-width: 717px) 100vw, 717px\" \/><\/figure><div class=\"elementor-image-box-content\"><h3 class=\"elementor-image-box-title\">Ireneusz Dawidowicz <\/h3><p class=\"elementor-image-box-description\">Pastor od 1988 roku, a obecnie w II Zboru KChB w Bia\u0142ymstoku \u201eDroga Zbawiania\u201d. Teolog \u2013 wyk\u0142adowca Duszpasterstwa i Poradnictwa w WBST w Warszawie, Kierownik Instytutu Poradnictwa Biblijnego przy WBST. Psycholog o specjalno\u015bci klinicznej z do\u015bwiadczeniem klinicznym od 2011 r. w Szpitalu Psychiatrycznym w Choroszczy na Oddzia\u0142ach Og\u00f3lnopsychiatrycznym oraz S\u0105dowym. Ponadto psycholog i psychoterapeuta w Poradniach Zdrowia Psychicznego, w Szko\u0142ach i O\u015brodkach Wychowawczych dla dzieci i m\u0142odzie\u017cy z zagro\u017ceniem wykluczenia spo\u0142ecznego. Opr\u00f3cz tego, psycholog i psychoterapeuta w Stowarzyszeniu KDN. <\/p><\/div><\/div>\t\t\t\t<\/div>\n\t\t\t\t<\/div>\n\t\t\t\t\t<\/div>\n\t\t<\/div>\n\t\t\t\t<div class=\"elementor-column elementor-col-33 elementor-top-column elementor-element elementor-element-076b08c\" data-id=\"076b08c\" data-element_type=\"column\">\n\t\t\t<div class=\"elementor-widget-wrap elementor-element-populated\">\n\t\t\t\t\t\t<div class=\"elementor-element elementor-element-4d6d760 elementor-position-top elementor-widget elementor-widget-image-box\" data-id=\"4d6d760\" data-element_type=\"widget\" data-widget_type=\"image-box.default\">\n\t\t\t\t<div class=\"elementor-widget-container\">\n\t\t\t\t\t<div class=\"elementor-image-box-wrapper\"><figure class=\"elementor-image-box-img\"><a href=\"https:\/\/rajs.ninakryston.pl\/\" tabindex=\"-1\"><img decoding=\"async\" width=\"1707\" height=\"2560\" src=\"https:\/\/aliansewangeliczny.pl\/wp-content\/uploads\/2023\/09\/DSC5744-1-scaled.jpg\" class=\"attachment-full size-full wp-image-1103\" alt=\"\" srcset=\"https:\/\/aliansewangeliczny.pl\/wp-content\/uploads\/2023\/09\/DSC5744-1-scaled.jpg 1707w, https:\/\/aliansewangeliczny.pl\/wp-content\/uploads\/2023\/09\/DSC5744-1-200x300.jpg 200w, https:\/\/aliansewangeliczny.pl\/wp-content\/uploads\/2023\/09\/DSC5744-1-683x1024.jpg 683w, https:\/\/aliansewangeliczny.pl\/wp-content\/uploads\/2023\/09\/DSC5744-1-768x1152.jpg 768w, https:\/\/aliansewangeliczny.pl\/wp-content\/uploads\/2023\/09\/DSC5744-1-1024x1536.jpg 1024w, https:\/\/aliansewangeliczny.pl\/wp-content\/uploads\/2023\/09\/DSC5744-1-1365x2048.jpg 1365w\" sizes=\"(max-width: 1707px) 100vw, 1707px\" \/><\/a><\/figure><div class=\"elementor-image-box-content\"><h3 class=\"elementor-image-box-title\"><a href=\"https:\/\/rajs.ninakryston.pl\/\">Nina Krysto\u0144<\/a><\/h3><p class=\"elementor-image-box-description\">Coach Zmiany. Ekspert w dziedzinie rozwoju kapita\u0142u ludzkiego o specjalno\u015bci psychologia w zarz\u0105dzaniu organizacj\u0105. \n25 lat do\u015bwiadczenia w biznesie. Autorka program\u00f3w rozwojowych dla mened\u017cer\u00f3w. \n460 h rocznie w mentoringu i coachingu. 180 warsztat\u00f3w rocznie z przyw\u00f3dztwa, efektywno\u015bci i organizacji pracy. \nRazem z m\u0119\u017cem w s\u0142u\u017cbie duszpasterskiej w ko\u015bciele Serce Metropolii w Katowicach. <\/p><\/div><\/div>\t\t\t\t<\/div>\n\t\t\t\t<\/div>\n\t\t\t\t\t<\/div>\n\t\t<\/div>\n\t\t\t\t<div class=\"elementor-column elementor-col-33 elementor-top-column elementor-element elementor-element-c802c1e\" data-id=\"c802c1e\" data-element_type=\"column\">\n\t\t\t<div class=\"elementor-widget-wrap elementor-element-populated\">\n\t\t\t\t\t\t<div class=\"elementor-element elementor-element-abdfc27 elementor-position-top elementor-widget elementor-widget-image-box\" data-id=\"abdfc27\" data-element_type=\"widget\" data-widget_type=\"image-box.default\">\n\t\t\t\t<div class=\"elementor-widget-container\">\n\t\t\t\t\t<div class=\"elementor-image-box-wrapper\"><figure class=\"elementor-image-box-img\"><img loading=\"lazy\" decoding=\"async\" width=\"196\" height=\"300\" src=\"https:\/\/aliansewangeliczny.pl\/wp-content\/uploads\/2023\/09\/przemyslaw_kopytko_-_biotarget-196x300-1.png\" class=\"attachment-full size-full wp-image-1108\" alt=\"\" \/><\/figure><div class=\"elementor-image-box-content\"><h3 class=\"elementor-image-box-title\">Przemys\u0142aw Kopyto<\/h3><p class=\"elementor-image-box-description\">Pastor. Specjalista psychiatra. Do\u015bwiadczenie zawodowe zdobywa\u0142 podczas pracy w oddziale og\u00f3lnopsychiatrycznym, oddziale leczenia nerwic i zaburze\u0144 osobowo\u015bci, w oddziale psychiatrii dzieci i m\u0142odzie\u017cy, a tak\u017ce w oddziale leczenia uzale\u017cnie\u0144. Obecnie prowadzi pacjent\u00f3w w poradniach zdrowia psychicznego oraz oddziale dziennym psychogeriatrycznym oraz oddziale psychiatrycznym dziennym dla doros\u0142ych Consilium Med. Cz\u0142onek Polskiego Towarzystwa Psychiatrycznego, w tym Sekcji Psychiatrii Dzieci i M\u0142odzie\u017cy, Towarzystwa na Rzecz Dobrej Praktyki w Badaniach Klinicznych w Polsce (GCP.pl) oraz Chrze\u015bcija\u0144skiego Stowarzyszenia Medycznego.<\/p><\/div><\/div>\t\t\t\t<\/div>\n\t\t\t\t<\/div>\n\t\t\t\t\t<\/div>\n\t\t<\/div>\n\t\t\t\t\t<\/div>\n\t\t<\/section>\n\t\t\t\t<\/div>\n\t\t","protected":false},"excerpt":{"rendered":"<p>Problemy wypalenia lider\u00f3w &#8211; Konferencja Aliansu Ewangelicznego Od lat obserwuj\u0119, \u017ce pe\u0142ni pasji, wierni Bogu pastorzy (i inni przyw\u00f3dcy) &#8222;zu\u017cywaj\u0105 si\u0119&#8221; w swojej s\u0142u\u017cbie. R\u00f3\u017cnie to nazywamy: zm\u0119czenie, zniech\u0119cenie, wypalenie a czasem pozwalamy sobie na u\u017cycie s\u0142owa depresja. I nie jest to zjawisko rzadkie, zwykle po kilkunastu latach pojawiaj\u0105 si\u0119 pierwsze objawy &#8222;zu\u017cycia&#8221;. Nieliczni sobie [&hellip;]<\/p>\n","protected":false},"author":1,"featured_media":0,"parent":0,"menu_order":0,"comment_status":"closed","ping_status":"closed","template":"","meta":{"footnotes":""},"class_list":["post-1038","page","type-page","status-publish","hentry"],"_links":{"self":[{"href":"https:\/\/aliansewangeliczny.pl\/index.php\/wp-json\/wp\/v2\/pages\/1038","targetHints":{"allow":["GET"]}}],"collection":[{"href":"https:\/\/aliansewangeliczny.pl\/index.php\/wp-json\/wp\/v2\/pages"}],"about":[{"href":"https:\/\/aliansewangeliczny.pl\/index.php\/wp-json\/wp\/v2\/types\/page"}],"author":[{"embeddable":true,"href":"https:\/\/aliansewangeliczny.pl\/index.php\/wp-json\/wp\/v2\/users\/1"}],"replies":[{"embeddable":true,"href":"https:\/\/aliansewangeliczny.pl\/index.php\/wp-json\/wp\/v2\/comments?post=1038"}],"version-history":[{"count":80,"href":"https:\/\/aliansewangeliczny.pl\/index.php\/wp-json\/wp\/v2\/pages\/1038\/revisions"}],"predecessor-version":[{"id":1131,"href":"https:\/\/aliansewangeliczny.pl\/index.php\/wp-json\/wp\/v2\/pages\/1038\/revisions\/1131"}],"wp:attachment":[{"href":"https:\/\/aliansewangeliczny.pl\/index.php\/wp-json\/wp\/v2\/media?parent=1038"}],"curies":[{"name":"wp","href":"https:\/\/api.w.org\/{rel}","templated":true}]}}