{"id":114,"date":"2023-04-05T18:07:02","date_gmt":"2023-04-05T16:07:02","guid":{"rendered":"https:\/\/aliansewangeliczny.pl\/?page_id=114"},"modified":"2023-05-11T22:33:45","modified_gmt":"2023-05-11T20:33:45","slug":"kim-jestesmy","status":"publish","type":"page","link":"https:\/\/aliansewangeliczny.pl\/index.php\/kim-jestesmy\/","title":{"rendered":"Kim jeste\u015bmy"},"content":{"rendered":"\t\t<div data-elementor-type=\"wp-page\" data-elementor-id=\"114\" class=\"elementor elementor-114\" data-elementor-post-type=\"page\">\n\t\t\t\t\t\t<section class=\"elementor-section elementor-top-section elementor-element elementor-element-08b9ede elementor-section-height-min-height elementor-reverse-mobile elementor-reverse-tablet elementor-section-boxed elementor-section-height-default elementor-section-items-middle\" data-id=\"08b9ede\" data-element_type=\"section\" data-settings=\"{&quot;background_background&quot;:&quot;classic&quot;}\">\n\t\t\t\t\t\t\t<div class=\"elementor-background-overlay\"><\/div>\n\t\t\t\t\t\t\t<div class=\"elementor-container elementor-column-gap-default\">\n\t\t\t\t\t<div class=\"elementor-column elementor-col-33 elementor-top-column elementor-element elementor-element-473645a\" data-id=\"473645a\" data-element_type=\"column\">\n\t\t\t<div class=\"elementor-widget-wrap elementor-element-populated\">\n\t\t\t\t\t\t<div class=\"elementor-element elementor-element-a4ffafd elementor-widget elementor-widget-image\" data-id=\"a4ffafd\" data-element_type=\"widget\" data-settings=\"{&quot;motion_fx_translateY_effect&quot;:&quot;yes&quot;,&quot;motion_fx_translateY_direction&quot;:&quot;negative&quot;,&quot;motion_fx_translateY_speed&quot;:{&quot;unit&quot;:&quot;px&quot;,&quot;size&quot;:&quot;1&quot;,&quot;sizes&quot;:[]},&quot;motion_fx_motion_fx_scrolling&quot;:&quot;yes&quot;,&quot;motion_fx_translateY_affectedRange&quot;:{&quot;unit&quot;:&quot;%&quot;,&quot;size&quot;:&quot;&quot;,&quot;sizes&quot;:{&quot;start&quot;:0,&quot;end&quot;:100}},&quot;motion_fx_devices&quot;:[&quot;desktop&quot;,&quot;tablet&quot;,&quot;mobile&quot;]}\" data-widget_type=\"image.default\">\n\t\t\t\t<div class=\"elementor-widget-container\">\n\t\t\t\t\t\t\t\t\t\t\t\t\t\t\t<img fetchpriority=\"high\" decoding=\"async\" width=\"539\" height=\"539\" src=\"https:\/\/aliansewangeliczny.pl\/wp-content\/uploads\/2023\/05\/ewangeliczny.jpg\" class=\"attachment-full size-full wp-image-757\" alt=\"\" srcset=\"https:\/\/aliansewangeliczny.pl\/wp-content\/uploads\/2023\/05\/ewangeliczny.jpg 539w, https:\/\/aliansewangeliczny.pl\/wp-content\/uploads\/2023\/05\/ewangeliczny-300x300.jpg 300w, https:\/\/aliansewangeliczny.pl\/wp-content\/uploads\/2023\/05\/ewangeliczny-150x150.jpg 150w\" sizes=\"(max-width: 539px) 100vw, 539px\" \/>\t\t\t\t\t\t\t\t\t\t\t\t\t\t\t<\/div>\n\t\t\t\t<\/div>\n\t\t\t\t\t<\/div>\n\t\t<\/div>\n\t\t\t\t<div class=\"elementor-column elementor-col-66 elementor-top-column elementor-element elementor-element-0ef567d\" data-id=\"0ef567d\" data-element_type=\"column\">\n\t\t\t<div class=\"elementor-widget-wrap elementor-element-populated\">\n\t\t\t\t\t\t<div class=\"elementor-element elementor-element-0a96ef4 elementor-widget elementor-widget-heading\" data-id=\"0a96ef4\" data-element_type=\"widget\" data-widget_type=\"heading.default\">\n\t\t\t\t<div class=\"elementor-widget-container\">\n\t\t\t\t\t<h3 class=\"elementor-heading-title elementor-size-default\">kr\u00f3tka historia<\/h3>\t\t\t\t<\/div>\n\t\t\t\t<\/div>\n\t\t\t\t<div class=\"elementor-element elementor-element-b628736 elementor-widget elementor-widget-heading\" data-id=\"b628736\" data-element_type=\"widget\" data-settings=\"{&quot;motion_fx_motion_fx_scrolling&quot;:&quot;yes&quot;,&quot;motion_fx_translateY_effect&quot;:&quot;yes&quot;,&quot;motion_fx_translateY_speed&quot;:{&quot;unit&quot;:&quot;px&quot;,&quot;size&quot;:&quot;0.5&quot;,&quot;sizes&quot;:[]},&quot;motion_fx_translateY_affectedRange&quot;:{&quot;unit&quot;:&quot;%&quot;,&quot;size&quot;:&quot;&quot;,&quot;sizes&quot;:{&quot;start&quot;:&quot;0&quot;,&quot;end&quot;:&quot;50&quot;}},&quot;motion_fx_opacity_effect&quot;:&quot;yes&quot;,&quot;motion_fx_opacity_range&quot;:{&quot;unit&quot;:&quot;%&quot;,&quot;size&quot;:&quot;&quot;,&quot;sizes&quot;:{&quot;start&quot;:&quot;0&quot;,&quot;end&quot;:&quot;50&quot;}},&quot;motion_fx_devices&quot;:[&quot;desktop&quot;,&quot;mobile&quot;],&quot;motion_fx_opacity_direction&quot;:&quot;out-in&quot;,&quot;motion_fx_opacity_level&quot;:{&quot;unit&quot;:&quot;px&quot;,&quot;size&quot;:10,&quot;sizes&quot;:[]}}\" data-widget_type=\"heading.default\">\n\t\t\t\t<div class=\"elementor-widget-container\">\n\t\t\t\t\t<h2 class=\"elementor-heading-title elementor-size-default\">Kim jeste\u015bmy<\/h2>\t\t\t\t<\/div>\n\t\t\t\t<\/div>\n\t\t\t\t<div class=\"elementor-element elementor-element-8a23d26 elementor-widget elementor-widget-text-editor\" data-id=\"8a23d26\" data-element_type=\"widget\" data-widget_type=\"text-editor.default\">\n\t\t\t\t<div class=\"elementor-widget-container\">\n\t\t\t\t\t\t\t\t\t<p>Historia ko\u015bcio\u0142\u00f3w ewangelicznych w Polsce si\u0119ga po\u0142owy XIX, gdy na polskich ziemiach<br \/>pojawili si\u0119 pierwsi Bapty\u015bci.<\/p><p>W okresie mi\u0119dzywojennym obserwujemy wzrost ruch\u00f3w ewangelicznych, szczeg\u00f3lnie na kresach wschodnich. Zmiany granic wywo\u0142ane II Wojn\u0105 \u015awiatow\u0105 spowodowa\u0142y wielokrotne zmniejszenie liczebno\u015bci tego nurtu chrze\u015bcija\u0144stwa na terenie Polski \u2013 wielu wyznawc\u00f3w znalaz\u0142o si\u0119 albo za wschodni\u0105 granic\u0105, albo wyjecha\u0142o na zach\u00f3d.<\/p><p>W okresie powojennym w Polsce regularnie pojawia\u0142y si\u0119 idee zjednoczeniowe spo\u0142eczno\u015bci typu ewangelicznego. W ich wyniku powsta\u0142 <strong>Zjednoczony Ko\u015bci\u00f3\u0142 Ewangeliczny<\/strong>, kt\u00f3ry jednak pozostawa\u0142 pod du\u017c\u0105 presj\u0105 i kontrol\u0105 \u00f3wczesnych w\u0142adz pa\u0144stwowych.<br \/>Dopiero pod koniec lat 80-tych zmiany polityczne w kraju pozwoli\u0142y funkcjonowa\u0107 samodzielnie wsp\u00f3lnotom oraz da\u0142y wolno\u015b\u0107, by formalnie rejestrowa\u0107 ko\u015bcio\u0142y i tworzy\u0107 nowe spo\u0142eczno\u015bci.<\/p><p>To w tych latach w wyniku rozpadu ZKE, zarejestrowano <strong>Ko\u015bci\u00f3\u0142 Zielono\u015bwi\u0105tkowy<\/strong>, <strong>Ko\u015bci\u00f3\u0142 Zbor\u00f3w Chrystusowych<\/strong> (obecnie: Ko\u015bci\u00f3\u0142 Chrystusowy), <strong>Ko\u015bci\u00f3\u0142 Ewangelicznych Chrze\u015bcijan <\/strong>oraz <strong>Ko\u015bci\u00f3\u0142 Chrze\u015bcijan Wiary Ewangelicznej<\/strong>.<\/p><p>Osobowo\u015b\u0107 prawn\u0105 uzyska\u0142y tak\u017ce <strong>Ko\u015bci\u00f3\u0142 Wolnych Chrze\u015bcijan<\/strong>, <strong>Chrze\u015bcija\u0144ska Wsp\u00f3lnota Zielono\u015bwi\u0105tkowa<\/strong> oraz <strong>Ko\u015bci\u00f3\u0142 Bo\u017cy w <\/strong><strong>Chrystusie<\/strong>.<\/p><p>Oczywi\u015bcie idee zjednoczeniowe nie zosta\u0142y porzucone. <br \/>W 1993 roku podj\u0119to pierwsz\u0105, nieudan\u0105 pr\u00f3b\u0119 utworzenia Aliansu Ewangelicznego. <br \/>Kolejna mia\u0142a miejsce sze\u015b\u0107 lat p\u00f3\u017aniej.<br \/><br \/>21 czerwca 1999 roku odby\u0142o si\u0119 zebranie za\u0142o\u017cycielskie <strong>Aliansu Ewangelicznego w RP<\/strong>, kt\u00f3re<br \/>zaowocowa\u0142o podpisaniem deklaracji za\u0142o\u017cycielskiej przez 17 ko\u015bcio\u0142\u00f3w i organizacji<br \/>ewangelicznych.<br \/>21 stycznia 2000 roku Alians Ewangeliczny zosta\u0142 wpisany do rejestru ko\u015bcio\u0142\u00f3w i innych<br \/>zwi\u0105zk\u00f3w wyznaniowych jako krajowa organizacja mi\u0119dzyko\u015bcielna, dzia\u0142 B pozycja 5.<br \/><br \/>\u015arodowisko Ewangeliczne uzyska\u0142o swoj\u0105 platform\u0119 wyra\u017cania jedno\u015bci, a jednocze\u015bnie reprezentanta interes\u00f3w. W wyniku tego 25 pa\u017adziernika 2010 roku powo\u0142ano Komisj\u0119 Wsp\u00f3ln\u0105 Rz\u0105du i Aliansu Ewangelicznego, kt\u00f3re prowadzi\u0142a przez pewien czas prace nad uregulowaniem ustawowym dla niekt\u00f3rych d\u0142u\u017cej istniej\u0105cych ko\u015bcio\u0142\u00f3w.<br \/><br \/>Poza tym Alians jest cz\u0119\u015bci\u0105 Europejskiego Aliansu Ewangelicznego (<strong>European Evangelical Alliance<\/strong>) oraz \u015awiatowej Wsp\u00f3lnoty Ewangelicznej (World Evangelical Fellowship, obecnie <strong>World Evangelical Alliance<\/strong>).<\/p>\t\t\t\t\t\t\t\t<\/div>\n\t\t\t\t<\/div>\n\t\t\t\t\t<\/div>\n\t\t<\/div>\n\t\t\t\t\t<\/div>\n\t\t<\/section>\n\t\t\t\t<section class=\"elementor-section elementor-top-section elementor-element elementor-element-d674cc0 elementor-section-boxed elementor-section-height-default elementor-section-height-default\" data-id=\"d674cc0\" data-element_type=\"section\" data-settings=\"{&quot;background_background&quot;:&quot;classic&quot;}\">\n\t\t\t\t\t\t\t<div class=\"elementor-background-overlay\"><\/div>\n\t\t\t\t\t\t\t<div class=\"elementor-container elementor-column-gap-default\">\n\t\t\t\t\t<div class=\"elementor-column elementor-col-100 elementor-top-column elementor-element elementor-element-0b18904\" data-id=\"0b18904\" data-element_type=\"column\">\n\t\t\t<div class=\"elementor-widget-wrap elementor-element-populated\">\n\t\t\t\t\t\t<section class=\"elementor-section elementor-inner-section elementor-element elementor-element-2110063 elementor-section-boxed elementor-section-height-default elementor-section-height-default\" data-id=\"2110063\" data-element_type=\"section\">\n\t\t\t\t\t\t<div class=\"elementor-container elementor-column-gap-default\">\n\t\t\t\t\t<div class=\"elementor-column elementor-col-50 elementor-inner-column elementor-element elementor-element-2b92b80\" data-id=\"2b92b80\" data-element_type=\"column\">\n\t\t\t<div class=\"elementor-widget-wrap elementor-element-populated\">\n\t\t\t\t\t\t<div class=\"elementor-element elementor-element-aa0c954 elementor-widget elementor-widget-heading\" data-id=\"aa0c954\" data-element_type=\"widget\" data-widget_type=\"heading.default\">\n\t\t\t\t<div class=\"elementor-widget-container\">\n\t\t\t\t\t<h3 class=\"elementor-heading-title elementor-size-default\">Alians Ewangeliczny<\/h3>\t\t\t\t<\/div>\n\t\t\t\t<\/div>\n\t\t\t\t<div class=\"elementor-element elementor-element-516183a elementor-widget elementor-widget-heading\" data-id=\"516183a\" data-element_type=\"widget\" data-settings=\"{&quot;motion_fx_motion_fx_scrolling&quot;:&quot;yes&quot;,&quot;motion_fx_translateY_effect&quot;:&quot;yes&quot;,&quot;motion_fx_translateY_speed&quot;:{&quot;unit&quot;:&quot;px&quot;,&quot;size&quot;:&quot;0.5&quot;,&quot;sizes&quot;:[]},&quot;motion_fx_translateY_affectedRange&quot;:{&quot;unit&quot;:&quot;%&quot;,&quot;size&quot;:&quot;&quot;,&quot;sizes&quot;:{&quot;start&quot;:&quot;0&quot;,&quot;end&quot;:&quot;50&quot;}},&quot;motion_fx_opacity_effect&quot;:&quot;yes&quot;,&quot;motion_fx_opacity_range&quot;:{&quot;unit&quot;:&quot;%&quot;,&quot;size&quot;:&quot;&quot;,&quot;sizes&quot;:{&quot;start&quot;:&quot;0&quot;,&quot;end&quot;:&quot;50&quot;}},&quot;motion_fx_opacity_direction&quot;:&quot;out-in&quot;,&quot;motion_fx_opacity_level&quot;:{&quot;unit&quot;:&quot;px&quot;,&quot;size&quot;:10,&quot;sizes&quot;:[]},&quot;motion_fx_devices&quot;:[&quot;desktop&quot;,&quot;tablet&quot;,&quot;mobile&quot;]}\" data-widget_type=\"heading.default\">\n\t\t\t\t<div class=\"elementor-widget-container\">\n\t\t\t\t\t<h2 class=\"elementor-heading-title elementor-size-default\">Ko\u015bcio\u0142y za\u0142o\u017cycielskie:<\/h2>\t\t\t\t<\/div>\n\t\t\t\t<\/div>\n\t\t\t\t\t<\/div>\n\t\t<\/div>\n\t\t\t\t<div class=\"elementor-column elementor-col-50 elementor-inner-column elementor-element elementor-element-ec4dd94\" data-id=\"ec4dd94\" data-element_type=\"column\">\n\t\t\t<div class=\"elementor-widget-wrap elementor-element-populated\">\n\t\t\t\t\t\t<div class=\"elementor-element elementor-element-3636230 elementor-widget elementor-widget-heading\" data-id=\"3636230\" data-element_type=\"widget\" data-settings=\"{&quot;motion_fx_motion_fx_scrolling&quot;:&quot;yes&quot;,&quot;motion_fx_translateY_effect&quot;:&quot;yes&quot;,&quot;motion_fx_translateY_speed&quot;:{&quot;unit&quot;:&quot;px&quot;,&quot;size&quot;:&quot;0.5&quot;,&quot;sizes&quot;:[]},&quot;motion_fx_translateY_affectedRange&quot;:{&quot;unit&quot;:&quot;%&quot;,&quot;size&quot;:&quot;&quot;,&quot;sizes&quot;:{&quot;start&quot;:&quot;0&quot;,&quot;end&quot;:&quot;50&quot;}},&quot;motion_fx_opacity_effect&quot;:&quot;yes&quot;,&quot;motion_fx_opacity_range&quot;:{&quot;unit&quot;:&quot;%&quot;,&quot;size&quot;:&quot;&quot;,&quot;sizes&quot;:{&quot;start&quot;:&quot;0&quot;,&quot;end&quot;:&quot;50&quot;}},&quot;motion_fx_opacity_direction&quot;:&quot;out-in&quot;,&quot;motion_fx_opacity_level&quot;:{&quot;unit&quot;:&quot;px&quot;,&quot;size&quot;:10,&quot;sizes&quot;:[]},&quot;motion_fx_devices&quot;:[&quot;desktop&quot;,&quot;tablet&quot;,&quot;mobile&quot;]}\" data-widget_type=\"heading.default\">\n\t\t\t\t<div class=\"elementor-widget-container\">\n\t\t\t\t\t<h2 class=\"elementor-heading-title elementor-size-default\">Ewangeliczna Wsp\u00f3lnota Zielono\u015bwi\u0105tkowa<br>\nKo\u015bci\u00f3\u0142 Bo\u017cy w Chrystusie <br>\nKo\u015bci\u00f3\u0142 Chrze\u015bcijan Wiary Ewangelicznej <br>\nKo\u015bci\u00f3\u0142 Dobrego Pasterza <br>\nKo\u015bci\u00f3\u0142 Ewangelicznych Chrze\u015bcijan <br>\nKo\u015bci\u00f3\u0142 Zbor\u00f3w Chrystusowych <br>\nKo\u015bci\u00f3\u0142 Zielono\u015bwi\u0105tkowy <br>\nUrsynowska Spo\u0142eczno\u015b\u0107 Ewangeliczna\n\n<\/h2>\t\t\t\t<\/div>\n\t\t\t\t<\/div>\n\t\t\t\t\t<\/div>\n\t\t<\/div>\n\t\t\t\t\t<\/div>\n\t\t<\/section>\n\t\t\t\t<section class=\"elementor-section elementor-inner-section elementor-element elementor-element-b8a9693 elementor-section-boxed elementor-section-height-default elementor-section-height-default\" data-id=\"b8a9693\" data-element_type=\"section\">\n\t\t\t\t\t\t<div class=\"elementor-container elementor-column-gap-default\">\n\t\t\t\t\t<div class=\"elementor-column elementor-col-50 elementor-inner-column elementor-element elementor-element-8c5b528\" data-id=\"8c5b528\" data-element_type=\"column\">\n\t\t\t<div class=\"elementor-widget-wrap elementor-element-populated\">\n\t\t\t\t\t\t<div class=\"elementor-element elementor-element-7ee38c8 elementor-widget elementor-widget-heading\" data-id=\"7ee38c8\" data-element_type=\"widget\" data-widget_type=\"heading.default\">\n\t\t\t\t<div class=\"elementor-widget-container\">\n\t\t\t\t\t<h3 class=\"elementor-heading-title elementor-size-default\">Alians Ewangeliczny<\/h3>\t\t\t\t<\/div>\n\t\t\t\t<\/div>\n\t\t\t\t<div class=\"elementor-element elementor-element-9fde5ad elementor-widget elementor-widget-heading\" data-id=\"9fde5ad\" data-element_type=\"widget\" data-settings=\"{&quot;motion_fx_motion_fx_scrolling&quot;:&quot;yes&quot;,&quot;motion_fx_translateY_effect&quot;:&quot;yes&quot;,&quot;motion_fx_translateY_speed&quot;:{&quot;unit&quot;:&quot;px&quot;,&quot;size&quot;:&quot;0.5&quot;,&quot;sizes&quot;:[]},&quot;motion_fx_translateY_affectedRange&quot;:{&quot;unit&quot;:&quot;%&quot;,&quot;size&quot;:&quot;&quot;,&quot;sizes&quot;:{&quot;start&quot;:&quot;0&quot;,&quot;end&quot;:&quot;50&quot;}},&quot;motion_fx_opacity_effect&quot;:&quot;yes&quot;,&quot;motion_fx_opacity_range&quot;:{&quot;unit&quot;:&quot;%&quot;,&quot;size&quot;:&quot;&quot;,&quot;sizes&quot;:{&quot;start&quot;:&quot;0&quot;,&quot;end&quot;:&quot;50&quot;}},&quot;motion_fx_opacity_direction&quot;:&quot;out-in&quot;,&quot;motion_fx_opacity_level&quot;:{&quot;unit&quot;:&quot;px&quot;,&quot;size&quot;:10,&quot;sizes&quot;:[]},&quot;motion_fx_devices&quot;:[&quot;desktop&quot;,&quot;tablet&quot;,&quot;mobile&quot;]}\" data-widget_type=\"heading.default\">\n\t\t\t\t<div class=\"elementor-widget-container\">\n\t\t\t\t\t<h2 class=\"elementor-heading-title elementor-size-default\">Za\u0142o\u017cycielskie Organizacje:<\/h2>\t\t\t\t<\/div>\n\t\t\t\t<\/div>\n\t\t\t\t\t<\/div>\n\t\t<\/div>\n\t\t\t\t<div class=\"elementor-column elementor-col-50 elementor-inner-column elementor-element elementor-element-cebfcfa\" data-id=\"cebfcfa\" data-element_type=\"column\">\n\t\t\t<div class=\"elementor-widget-wrap elementor-element-populated\">\n\t\t\t\t\t\t<div class=\"elementor-element elementor-element-fcb7c16 elementor-widget elementor-widget-heading\" data-id=\"fcb7c16\" data-element_type=\"widget\" data-settings=\"{&quot;motion_fx_motion_fx_scrolling&quot;:&quot;yes&quot;,&quot;motion_fx_translateY_effect&quot;:&quot;yes&quot;,&quot;motion_fx_translateY_speed&quot;:{&quot;unit&quot;:&quot;px&quot;,&quot;size&quot;:&quot;0.5&quot;,&quot;sizes&quot;:[]},&quot;motion_fx_translateY_affectedRange&quot;:{&quot;unit&quot;:&quot;%&quot;,&quot;size&quot;:&quot;&quot;,&quot;sizes&quot;:{&quot;start&quot;:&quot;0&quot;,&quot;end&quot;:&quot;50&quot;}},&quot;motion_fx_opacity_effect&quot;:&quot;yes&quot;,&quot;motion_fx_opacity_range&quot;:{&quot;unit&quot;:&quot;%&quot;,&quot;size&quot;:&quot;&quot;,&quot;sizes&quot;:{&quot;start&quot;:&quot;0&quot;,&quot;end&quot;:&quot;50&quot;}},&quot;motion_fx_opacity_direction&quot;:&quot;out-in&quot;,&quot;motion_fx_opacity_level&quot;:{&quot;unit&quot;:&quot;px&quot;,&quot;size&quot;:10,&quot;sizes&quot;:[]},&quot;motion_fx_devices&quot;:[&quot;desktop&quot;,&quot;tablet&quot;,&quot;mobile&quot;]}\" data-widget_type=\"heading.default\">\n\t\t\t\t<div class=\"elementor-widget-container\">\n\t\t\t\t\t<h2 class=\"elementor-heading-title elementor-size-default\">Biblijne Stowarzyszenie Misyjne <br>\nChrze\u015bcija\u0144ska Fundacja \u201e\u017bycie i Misja\u201d <br>\nChrze\u015bcija\u0144skie Stowarzyszenie Akademickie <br>\nFundacja \u201eM\u0142odzie\u017c dla Chrystusa\u201d <br>\nFundacja \u201eS\u0142owo \u017bycia\u201d <br>\nG\u0142os Ewangelii <br>\nMisja Pokole\u0144 <br>\nRuch Nowego \u017bycia <br>\nTowarzystwo Ewangeliczno \u2013 Spo\u0142eczne w Lublinie\n<\/h2>\t\t\t\t<\/div>\n\t\t\t\t<\/div>\n\t\t\t\t\t<\/div>\n\t\t<\/div>\n\t\t\t\t\t<\/div>\n\t\t<\/section>\n\t\t\t\t\t<\/div>\n\t\t<\/div>\n\t\t\t\t\t<\/div>\n\t\t<\/section>\n\t\t\t\t<\/div>\n\t\t","protected":false},"excerpt":{"rendered":"<p>kr\u00f3tka historia Kim jeste\u015bmy Historia ko\u015bcio\u0142\u00f3w ewangelicznych w Polsce si\u0119ga po\u0142owy XIX, gdy na polskich ziemiachpojawili si\u0119 pierwsi Bapty\u015bci. W okresie mi\u0119dzywojennym obserwujemy wzrost ruch\u00f3w ewangelicznych, szczeg\u00f3lnie na kresach wschodnich. Zmiany granic wywo\u0142ane II Wojn\u0105 \u015awiatow\u0105 spowodowa\u0142y wielokrotne zmniejszenie liczebno\u015bci tego nurtu chrze\u015bcija\u0144stwa na terenie Polski \u2013 wielu wyznawc\u00f3w znalaz\u0142o si\u0119 albo za wschodni\u0105 granic\u0105, [&hellip;]<\/p>\n","protected":false},"author":1,"featured_media":0,"parent":0,"menu_order":0,"comment_status":"closed","ping_status":"closed","template":"","meta":{"footnotes":""},"class_list":["post-114","page","type-page","status-publish","hentry"],"_links":{"self":[{"href":"https:\/\/aliansewangeliczny.pl\/index.php\/wp-json\/wp\/v2\/pages\/114","targetHints":{"allow":["GET"]}}],"collection":[{"href":"https:\/\/aliansewangeliczny.pl\/index.php\/wp-json\/wp\/v2\/pages"}],"about":[{"href":"https:\/\/aliansewangeliczny.pl\/index.php\/wp-json\/wp\/v2\/types\/page"}],"author":[{"embeddable":true,"href":"https:\/\/aliansewangeliczny.pl\/index.php\/wp-json\/wp\/v2\/users\/1"}],"replies":[{"embeddable":true,"href":"https:\/\/aliansewangeliczny.pl\/index.php\/wp-json\/wp\/v2\/comments?post=114"}],"version-history":[{"count":217,"href":"https:\/\/aliansewangeliczny.pl\/index.php\/wp-json\/wp\/v2\/pages\/114\/revisions"}],"predecessor-version":[{"id":927,"href":"https:\/\/aliansewangeliczny.pl\/index.php\/wp-json\/wp\/v2\/pages\/114\/revisions\/927"}],"wp:attachment":[{"href":"https:\/\/aliansewangeliczny.pl\/index.php\/wp-json\/wp\/v2\/media?parent=114"}],"curies":[{"name":"wp","href":"https:\/\/api.w.org\/{rel}","templated":true}]}}