{"id":124,"date":"2023-04-05T18:08:52","date_gmt":"2023-04-05T16:08:52","guid":{"rendered":"https:\/\/aliansewangeliczny.pl\/?page_id=124"},"modified":"2023-05-11T22:21:35","modified_gmt":"2023-05-11T20:21:35","slug":"zasady-wiary","status":"publish","type":"page","link":"https:\/\/aliansewangeliczny.pl\/index.php\/zasady-wiary\/","title":{"rendered":"Zasady wiary"},"content":{"rendered":"\t\t<div data-elementor-type=\"wp-page\" data-elementor-id=\"124\" class=\"elementor elementor-124\" data-elementor-post-type=\"page\">\n\t\t\t\t\t\t<section class=\"elementor-section elementor-top-section elementor-element elementor-element-d6395bd elementor-reverse-tablet elementor-reverse-mobile elementor-section-boxed elementor-section-height-default elementor-section-height-default\" data-id=\"d6395bd\" data-element_type=\"section\" data-settings=\"{&quot;background_background&quot;:&quot;classic&quot;}\">\n\t\t\t\t\t\t\t<div class=\"elementor-background-overlay\"><\/div>\n\t\t\t\t\t\t\t<div class=\"elementor-container elementor-column-gap-default\">\n\t\t\t\t\t<div class=\"elementor-column elementor-col-100 elementor-top-column elementor-element elementor-element-aa806ec\" data-id=\"aa806ec\" data-element_type=\"column\" data-settings=\"{&quot;background_background&quot;:&quot;classic&quot;}\">\n\t\t\t<div class=\"elementor-widget-wrap elementor-element-populated\">\n\t\t\t\t\t\t<div class=\"elementor-element elementor-element-732c481 elementor-cta--valign-middle elementor-cta--skin-classic elementor-animated-content elementor-bg-transform elementor-bg-transform-zoom-in elementor-widget elementor-widget-call-to-action\" data-id=\"732c481\" data-element_type=\"widget\" data-widget_type=\"call-to-action.default\">\n\t\t\t\t<div class=\"elementor-widget-container\">\n\t\t\t\t\t\t\t<div class=\"elementor-cta\">\n\t\t\t\t\t<div class=\"elementor-cta__bg-wrapper\">\n\t\t\t\t<div class=\"elementor-cta__bg elementor-bg\" style=\"background-image: url(https:\/\/aliansewangeliczny.pl\/wp-content\/uploads\/2023\/04\/biblia3.png);\" role=\"img\" aria-label=\"biblia3\"><\/div>\n\t\t\t\t<div class=\"elementor-cta__bg-overlay\"><\/div>\n\t\t\t<\/div>\n\t\t\t\t\t\t\t<div class=\"elementor-cta__content\">\n\t\t\t\t\n\t\t\t\t\t\t\t\t\t<h2 class=\"elementor-cta__title elementor-cta__content-item elementor-content-item\">\n\t\t\t\t\t\tWierzymy w:\t\t\t\t\t<\/h2>\n\t\t\t\t\n\t\t\t\t\t\t\t\t\t<div class=\"elementor-cta__description elementor-cta__content-item elementor-content-item\">\n\t\t\t\t\t\t- natchnione, nieomylne, w pe\u0142ni wiarygodne i pochodz\u0105ce od Boga Pismo \u015awi\u0119te - najwy\u017cszy autorytet we wszystkich sprawach wiary i post\u0119powania; <br>\n- jednego Boga, odwiecznie istniej\u0105cego w trzech osobach: Ojca, Syna i Ducha \u015awi\u0119tego; <br>\n- Pana Jezusa Chrystusa, Boga narodzonego z Marii dziewicy, objawionego w ciele i w Jego bezgrzeszne ludzkie \u017cycie, boskie cuda, odkupie\u0144cz\u0105 \u015bmier\u0107, cielesne zmartwychwstanie i  osobisty powr\u00f3t w mocy i chwale; <br>\n- zbawienie przez wiar\u0119, niezale\u017cnie od uczynk\u00f3w, zgubionego i grzesznego cz\u0142owieka, dzi\u0119ki przelanej krwi Pana Jezusa Chrystusa  i jego odrodzenie przez Ducha \u015awi\u0119tego; <br>\n- Ducha \u015awi\u0119tego, kt\u00f3ry zamieszkuj\u0105c w wierz\u0105cym czyni go zdolnym do prowadzenia \u015bwi\u0119tego \u017cycia, do \u015bwiadectwa i pracy dla Pana Jezusa Chrystusa; <br>\n- jedno\u015b\u0107 Ducha wszystkich prawdziwie wierz\u0105cych (Ko\u015bci\u00f3\u0142 \u2013 Cia\u0142o Chrystusowe) oraz zmartwychwstanie zbawionych do \u017cycia i zgubionych na pot\u0119pienie.\t\t\t\t\t<\/div>\n\t\t\t\t\n\t\t\t\t\t\t\t<\/div>\n\t\t\t\t\t\t<\/div>\n\t\t\t\t\t\t<\/div>\n\t\t\t\t<\/div>\n\t\t\t\t\t<\/div>\n\t\t<\/div>\n\t\t\t\t\t<\/div>\n\t\t<\/section>\n\t\t\t\t<\/div>\n\t\t","protected":false},"excerpt":{"rendered":"<p>Wierzymy w: &#8211; natchnione, nieomylne, w pe\u0142ni wiarygodne i pochodz\u0105ce od Boga Pismo \u015awi\u0119te &#8211; najwy\u017cszy autorytet we wszystkich sprawach wiary i post\u0119powania; &#8211; jednego Boga, odwiecznie istniej\u0105cego w trzech osobach: Ojca, Syna i Ducha \u015awi\u0119tego; &#8211; Pana Jezusa Chrystusa, Boga narodzonego z Marii dziewicy, objawionego w ciele i w Jego bezgrzeszne ludzkie \u017cycie, boskie [&hellip;]<\/p>\n","protected":false},"author":1,"featured_media":0,"parent":0,"menu_order":0,"comment_status":"closed","ping_status":"closed","template":"","meta":{"footnotes":""},"class_list":["post-124","page","type-page","status-publish","hentry"],"_links":{"self":[{"href":"https:\/\/aliansewangeliczny.pl\/index.php\/wp-json\/wp\/v2\/pages\/124","targetHints":{"allow":["GET"]}}],"collection":[{"href":"https:\/\/aliansewangeliczny.pl\/index.php\/wp-json\/wp\/v2\/pages"}],"about":[{"href":"https:\/\/aliansewangeliczny.pl\/index.php\/wp-json\/wp\/v2\/types\/page"}],"author":[{"embeddable":true,"href":"https:\/\/aliansewangeliczny.pl\/index.php\/wp-json\/wp\/v2\/users\/1"}],"replies":[{"embeddable":true,"href":"https:\/\/aliansewangeliczny.pl\/index.php\/wp-json\/wp\/v2\/comments?post=124"}],"version-history":[{"count":43,"href":"https:\/\/aliansewangeliczny.pl\/index.php\/wp-json\/wp\/v2\/pages\/124\/revisions"}],"predecessor-version":[{"id":906,"href":"https:\/\/aliansewangeliczny.pl\/index.php\/wp-json\/wp\/v2\/pages\/124\/revisions\/906"}],"wp:attachment":[{"href":"https:\/\/aliansewangeliczny.pl\/index.php\/wp-json\/wp\/v2\/media?parent=124"}],"curies":[{"name":"wp","href":"https:\/\/api.w.org\/{rel}","templated":true}]}}