{"id":1240,"date":"2025-03-25T18:44:23","date_gmt":"2025-03-25T17:44:23","guid":{"rendered":"https:\/\/aliansewangeliczny.pl\/?page_id=1240"},"modified":"2025-03-26T11:12:26","modified_gmt":"2025-03-26T10:12:26","slug":"komisji","status":"publish","type":"page","link":"https:\/\/aliansewangeliczny.pl\/index.php\/komisji\/","title":{"rendered":"Spotkanie Komisji Wsp\u00f3lnej"},"content":{"rendered":"\t\t<div data-elementor-type=\"wp-page\" data-elementor-id=\"1240\" class=\"elementor elementor-1240\" data-elementor-post-type=\"page\">\n\t\t\t\t\t\t<section class=\"elementor-section elementor-top-section elementor-element elementor-element-107dfd2 elementor-reverse-tablet elementor-reverse-mobile elementor-section-boxed elementor-section-height-default elementor-section-height-default\" data-id=\"107dfd2\" data-element_type=\"section\" data-settings=\"{&quot;background_background&quot;:&quot;classic&quot;}\">\n\t\t\t\t\t\t\t<div class=\"elementor-background-overlay\"><\/div>\n\t\t\t\t\t\t\t<div class=\"elementor-container elementor-column-gap-default\">\n\t\t\t\t\t<div class=\"elementor-column elementor-col-100 elementor-top-column elementor-element elementor-element-660d9d1\" data-id=\"660d9d1\" data-element_type=\"column\" data-settings=\"{&quot;background_background&quot;:&quot;classic&quot;}\">\n\t\t\t<div class=\"elementor-widget-wrap elementor-element-populated\">\n\t\t\t\t\t\t<div class=\"elementor-element elementor-element-5512724 elementor-cta--valign-middle elementor-cta--skin-classic elementor-animated-content elementor-bg-transform elementor-bg-transform-zoom-in elementor-widget elementor-widget-call-to-action\" data-id=\"5512724\" data-element_type=\"widget\" data-widget_type=\"call-to-action.default\">\n\t\t\t\t<div class=\"elementor-widget-container\">\n\t\t\t\t\t\t\t<div class=\"elementor-cta\">\n\t\t\t\t\t<div class=\"elementor-cta__bg-wrapper\">\n\t\t\t\t<div class=\"elementor-cta__bg elementor-bg\" style=\"background-image: url(https:\/\/aliansewangeliczny.pl\/wp-content\/uploads\/2025\/03\/komisjawspolna.jpg);\" role=\"img\" aria-label=\"komisjawspolna\"><\/div>\n\t\t\t\t<div class=\"elementor-cta__bg-overlay\"><\/div>\n\t\t\t<\/div>\n\t\t\t\t\t\t\t<div class=\"elementor-cta__content\">\n\t\t\t\t\n\t\t\t\t\t\t\t\t\t<h2 class=\"elementor-cta__title elementor-cta__content-item elementor-content-item\">\n\t\t\t\t\t\tSpotkanie Komisji Wsp\u00f3lnej Rz\u0105du i Aliansu Ewangelicznego\t\t\t\t\t<\/h2>\n\t\t\t\t\n\t\t\t\t\t\t\t\t\t<div class=\"elementor-cta__description elementor-cta__content-item elementor-content-item\">\n\t\t\t\t\t\t<br>We wtorek, 11 marca 2025 roku odby\u0142o si\u0119 d\u0142ugo wyczekiwane spotkanie Komisji Wsp\u00f3lnej Rz\u0105du i Aliansu Ewangelicznego (poprzednie odby\u0142o si\u0119 we wrze\u015bniu 2012 roku!). <br>Odby\u0142o si\u0119 ono w siedzibie Ministerstwa Spraw Wewn\u0119trznych i Administracji. <br><br>Gospodarzem by\u0142 min. Tomasz Szyma\u0144ski, Sekretarz Stanu w MSWiA. <br>Stron\u0119 Aliansow\u0105  reprezentowali:<br>\nbp dr Marek Kami\u0144ski, Ko\u015bci\u00f3\u0142 Zielono\u015bwi\u0105tkowy<br>\nbp Andrzej Baje\u0144ski, Ko\u015bci\u00f3\u0142 Chrystusowy <br>\npastor Andrzej N\u0119dzusiak, Ko\u015bci\u00f3\u0142 Bo\u017cy w Chrystusie,\nPrzewodnicz\u0105cy AE, Wsp\u00f3\u0142przewodnicz\u0105cy Komisji Wsp\u00f3lnej<br><br>\nG\u0142\u00f3wnym temat spotkania by\u0142y trwaj\u0105ce prace nad Funduszem Ko\u015bcielnym. <br>Zosta\u0142y przedstawione cztery rozpatrywane projekty - nie zapad\u0142y jeszcze oficjalne decyzje polityczne, kt\u00f3ry z tych projekt\u00f3w zostanie wdro\u017cony. Natomiast strona ko\u015bcielna zosta\u0142a zapewniona o zrozumieniu specyfiki duchownych ko\u015bcio\u0142\u00f3w mniejszo\u015bciowych oraz zaproszeniu do konsultacji w prowadzonych pracach.\n<br><br>\nKolejnym tematem by\u0142a kwestia \u015blub\u00f3w wyznaniowych ze skutkami cywilno-prawnymi (tzw. \"\u015bluby konkordatowe\") ewentualnie partykularnych ustaw ko\u015bcielnych. <br>Zosta\u0142 pokr\u00f3tce przypomniany dorobek dotychczasowych prac w tym tematach, zatrzymanych jesieni\u0105 2014 roku. Prace zostan\u0105 wznowione.\n<br><br>\nOstatnim tematem by\u0142a kwestia ewentualnego dofinansowania ewangelicznych uczelni wy\u017cszych.\n<br><br>\nSpotkanie przebieg\u0142o w bardzo dobrej, konstruktywnej atmosferze.\n<br><br>\n\t\t\t\t\t<\/div>\n\t\t\t\t\n\t\t\t\t\t\t\t<\/div>\n\t\t\t\t\t\t<\/div>\n\t\t\t\t\t\t<\/div>\n\t\t\t\t<\/div>\n\t\t\t\t\t<\/div>\n\t\t<\/div>\n\t\t\t\t\t<\/div>\n\t\t<\/section>\n\t\t\t\t<section class=\"elementor-section elementor-top-section elementor-element elementor-element-c126229 elementor-section-boxed elementor-section-height-default elementor-section-height-default\" data-id=\"c126229\" data-element_type=\"section\">\n\t\t\t\t\t\t<div class=\"elementor-container elementor-column-gap-default\">\n\t\t\t\t\t<div class=\"elementor-column elementor-col-33 elementor-top-column elementor-element elementor-element-9b20348\" data-id=\"9b20348\" data-element_type=\"column\">\n\t\t\t<div class=\"elementor-widget-wrap elementor-element-populated\">\n\t\t\t\t\t\t<div class=\"elementor-element elementor-element-020ba68 elementor-widget elementor-widget-image\" data-id=\"020ba68\" data-element_type=\"widget\" data-widget_type=\"image.default\">\n\t\t\t\t<div class=\"elementor-widget-container\">\n\t\t\t\t\t\t\t\t\t\t\t\t\t\t\t<img fetchpriority=\"high\" decoding=\"async\" width=\"800\" height=\"500\" src=\"https:\/\/aliansewangeliczny.pl\/wp-content\/uploads\/2025\/03\/komisjaw1.jpg\" class=\"attachment-large size-large wp-image-1280\" alt=\"\" srcset=\"https:\/\/aliansewangeliczny.pl\/wp-content\/uploads\/2025\/03\/komisjaw1.jpg 800w, https:\/\/aliansewangeliczny.pl\/wp-content\/uploads\/2025\/03\/komisjaw1-300x188.jpg 300w, https:\/\/aliansewangeliczny.pl\/wp-content\/uploads\/2025\/03\/komisjaw1-768x480.jpg 768w\" sizes=\"(max-width: 800px) 100vw, 800px\" \/>\t\t\t\t\t\t\t\t\t\t\t\t\t\t\t<\/div>\n\t\t\t\t<\/div>\n\t\t\t\t\t<\/div>\n\t\t<\/div>\n\t\t\t\t<div class=\"elementor-column elementor-col-33 elementor-top-column elementor-element elementor-element-2876cb3\" data-id=\"2876cb3\" data-element_type=\"column\">\n\t\t\t<div class=\"elementor-widget-wrap elementor-element-populated\">\n\t\t\t\t\t\t<div class=\"elementor-element elementor-element-06c6071 elementor-widget elementor-widget-image\" data-id=\"06c6071\" data-element_type=\"widget\" data-widget_type=\"image.default\">\n\t\t\t\t<div class=\"elementor-widget-container\">\n\t\t\t\t\t\t\t\t\t\t\t\t\t\t\t<img decoding=\"async\" width=\"800\" height=\"500\" src=\"https:\/\/aliansewangeliczny.pl\/wp-content\/uploads\/2025\/03\/komisjaw2.jpg\" class=\"attachment-large size-large wp-image-1281\" alt=\"\" srcset=\"https:\/\/aliansewangeliczny.pl\/wp-content\/uploads\/2025\/03\/komisjaw2.jpg 800w, https:\/\/aliansewangeliczny.pl\/wp-content\/uploads\/2025\/03\/komisjaw2-300x188.jpg 300w, https:\/\/aliansewangeliczny.pl\/wp-content\/uploads\/2025\/03\/komisjaw2-768x480.jpg 768w\" sizes=\"(max-width: 800px) 100vw, 800px\" \/>\t\t\t\t\t\t\t\t\t\t\t\t\t\t\t<\/div>\n\t\t\t\t<\/div>\n\t\t\t\t\t<\/div>\n\t\t<\/div>\n\t\t\t\t<div class=\"elementor-column elementor-col-33 elementor-top-column elementor-element elementor-element-7325401\" data-id=\"7325401\" data-element_type=\"column\">\n\t\t\t<div class=\"elementor-widget-wrap elementor-element-populated\">\n\t\t\t\t\t\t<div class=\"elementor-element elementor-element-75b3a1a elementor-widget elementor-widget-image\" data-id=\"75b3a1a\" data-element_type=\"widget\" data-widget_type=\"image.default\">\n\t\t\t\t<div class=\"elementor-widget-container\">\n\t\t\t\t\t\t\t\t\t\t\t\t\t\t\t<img decoding=\"async\" width=\"800\" height=\"500\" src=\"https:\/\/aliansewangeliczny.pl\/wp-content\/uploads\/2025\/03\/komisjaw3.jpg\" class=\"attachment-large size-large wp-image-1282\" alt=\"\" srcset=\"https:\/\/aliansewangeliczny.pl\/wp-content\/uploads\/2025\/03\/komisjaw3.jpg 800w, https:\/\/aliansewangeliczny.pl\/wp-content\/uploads\/2025\/03\/komisjaw3-300x188.jpg 300w, https:\/\/aliansewangeliczny.pl\/wp-content\/uploads\/2025\/03\/komisjaw3-768x480.jpg 768w\" sizes=\"(max-width: 800px) 100vw, 800px\" \/>\t\t\t\t\t\t\t\t\t\t\t\t\t\t\t<\/div>\n\t\t\t\t<\/div>\n\t\t\t\t\t<\/div>\n\t\t<\/div>\n\t\t\t\t\t<\/div>\n\t\t<\/section>\n\t\t\t\t<\/div>\n\t\t","protected":false},"excerpt":{"rendered":"<p>Spotkanie Komisji Wsp\u00f3lnej Rz\u0105du i Aliansu Ewangelicznego We wtorek, 11 marca 2025 roku odby\u0142o si\u0119 d\u0142ugo wyczekiwane spotkanie Komisji Wsp\u00f3lnej Rz\u0105du i Aliansu Ewangelicznego (poprzednie odby\u0142o si\u0119 we wrze\u015bniu 2012 roku!). Odby\u0142o si\u0119 ono w siedzibie Ministerstwa Spraw Wewn\u0119trznych i Administracji. Gospodarzem by\u0142 min. Tomasz Szyma\u0144ski, Sekretarz Stanu w MSWiA. Stron\u0119 Aliansow\u0105 reprezentowali: bp dr [&hellip;]<\/p>\n","protected":false},"author":1,"featured_media":0,"parent":0,"menu_order":0,"comment_status":"closed","ping_status":"closed","template":"","meta":{"footnotes":""},"class_list":["post-1240","page","type-page","status-publish","hentry"],"_links":{"self":[{"href":"https:\/\/aliansewangeliczny.pl\/index.php\/wp-json\/wp\/v2\/pages\/1240","targetHints":{"allow":["GET"]}}],"collection":[{"href":"https:\/\/aliansewangeliczny.pl\/index.php\/wp-json\/wp\/v2\/pages"}],"about":[{"href":"https:\/\/aliansewangeliczny.pl\/index.php\/wp-json\/wp\/v2\/types\/page"}],"author":[{"embeddable":true,"href":"https:\/\/aliansewangeliczny.pl\/index.php\/wp-json\/wp\/v2\/users\/1"}],"replies":[{"embeddable":true,"href":"https:\/\/aliansewangeliczny.pl\/index.php\/wp-json\/wp\/v2\/comments?post=1240"}],"version-history":[{"count":28,"href":"https:\/\/aliansewangeliczny.pl\/index.php\/wp-json\/wp\/v2\/pages\/1240\/revisions"}],"predecessor-version":[{"id":1285,"href":"https:\/\/aliansewangeliczny.pl\/index.php\/wp-json\/wp\/v2\/pages\/1240\/revisions\/1285"}],"wp:attachment":[{"href":"https:\/\/aliansewangeliczny.pl\/index.php\/wp-json\/wp\/v2\/media?parent=1240"}],"curies":[{"name":"wp","href":"https:\/\/api.w.org\/{rel}","templated":true}]}}