{"id":1468,"date":"2025-04-15T14:37:59","date_gmt":"2025-04-15T12:37:59","guid":{"rendered":"https:\/\/aliansewangeliczny.pl\/?page_id=1468"},"modified":"2025-04-25T10:53:21","modified_gmt":"2025-04-25T08:53:21","slug":"wspieram","status":"publish","type":"page","link":"https:\/\/aliansewangeliczny.pl\/index.php\/wspieram\/","title":{"rendered":"Wspieram"},"content":{"rendered":"\t\t<div data-elementor-type=\"wp-page\" data-elementor-id=\"1468\" class=\"elementor elementor-1468\" data-elementor-post-type=\"page\">\n\t\t\t\t\t\t<section class=\"elementor-section elementor-top-section elementor-element elementor-element-8d2b08c elementor-section-boxed elementor-section-height-default elementor-section-height-default\" data-id=\"8d2b08c\" data-element_type=\"section\">\n\t\t\t\t\t\t<div class=\"elementor-container elementor-column-gap-default\">\n\t\t\t\t\t<div class=\"elementor-column elementor-col-50 elementor-top-column elementor-element elementor-element-185cf26\" data-id=\"185cf26\" data-element_type=\"column\">\n\t\t\t<div class=\"elementor-widget-wrap elementor-element-populated\">\n\t\t\t\t\t\t<div class=\"elementor-element elementor-element-d9d45ef elementor-widget elementor-widget-heading\" data-id=\"d9d45ef\" data-element_type=\"widget\" data-widget_type=\"heading.default\">\n\t\t\t\t<div class=\"elementor-widget-container\">\n\t\t\t\t\t<h2 class=\"elementor-heading-title elementor-size-default\">Przelew tradycyjny<\/h2>\t\t\t\t<\/div>\n\t\t\t\t<\/div>\n\t\t\t\t<div class=\"elementor-element elementor-element-23af5a8 elementor-widget elementor-widget-heading\" data-id=\"23af5a8\" data-element_type=\"widget\" data-widget_type=\"heading.default\">\n\t\t\t\t<div class=\"elementor-widget-container\">\n\t\t\t\t\t<h2 class=\"elementor-heading-title elementor-size-default\">Konto bankowe: <br>\n45 1020 1156 0000 7202 0071 0897 <br><br>\nAlians Ewangeliczny w RP <br>\nul. Pu\u0142awska 114 lok. 4 <br>\n02-620 WARSZAWA<\/h2>\t\t\t\t<\/div>\n\t\t\t\t<\/div>\n\t\t\t\t\t<\/div>\n\t\t<\/div>\n\t\t\t\t<div class=\"elementor-column elementor-col-50 elementor-top-column elementor-element elementor-element-641642c\" data-id=\"641642c\" data-element_type=\"column\">\n\t\t\t<div class=\"elementor-widget-wrap elementor-element-populated\">\n\t\t\t\t\t\t<div class=\"elementor-element elementor-element-3fab093 elementor-widget elementor-widget-heading\" data-id=\"3fab093\" data-element_type=\"widget\" data-widget_type=\"heading.default\">\n\t\t\t\t<div class=\"elementor-widget-container\">\n\t\t\t\t\t<h2 class=\"elementor-heading-title elementor-size-default\">P\u0142atno\u015b\u0107 online, kart\u0105 lub blikiem<\/h2>\t\t\t\t<\/div>\n\t\t\t\t<\/div>\n\t\t\t\t<div class=\"elementor-element elementor-element-7397cd8 elementor-widget elementor-widget-image\" data-id=\"7397cd8\" data-element_type=\"widget\" data-widget_type=\"image.default\">\n\t\t\t\t<div class=\"elementor-widget-container\">\n\t\t\t\t\t\t\t\t\t\t\t\t\t\t\t<img fetchpriority=\"high\" decoding=\"async\" width=\"800\" height=\"409\" src=\"https:\/\/aliansewangeliczny.pl\/wp-content\/uploads\/2025\/04\/flagi_Przelewy24_1a-1024x523.jpg\" class=\"attachment-large size-large wp-image-1501\" alt=\"\" srcset=\"https:\/\/aliansewangeliczny.pl\/wp-content\/uploads\/2025\/04\/flagi_Przelewy24_1a-1024x523.jpg 1024w, https:\/\/aliansewangeliczny.pl\/wp-content\/uploads\/2025\/04\/flagi_Przelewy24_1a-300x153.jpg 300w, https:\/\/aliansewangeliczny.pl\/wp-content\/uploads\/2025\/04\/flagi_Przelewy24_1a-768x392.jpg 768w, https:\/\/aliansewangeliczny.pl\/wp-content\/uploads\/2025\/04\/flagi_Przelewy24_1a-1536x784.jpg 1536w, https:\/\/aliansewangeliczny.pl\/wp-content\/uploads\/2025\/04\/flagi_Przelewy24_1a.jpg 1920w\" sizes=\"(max-width: 800px) 100vw, 800px\" \/>\t\t\t\t\t\t\t\t\t\t\t\t\t\t\t<\/div>\n\t\t\t\t<\/div>\n\t\t\t\t<div class=\"elementor-element elementor-element-959ff58 elementor-widget elementor-widget-html\" data-id=\"959ff58\" data-element_type=\"widget\" data-widget_type=\"html.default\">\n\t\t\t\t<div class=\"elementor-widget-container\">\n\t\t\t\t\t<!DOCTYPE html>\r\n<html lang=\"pl\">\r\n<head>\r\n  <meta charset=\"UTF-8\">\r\n  <title>Formularz P\u0142atno\u015bci<\/title>\r\n  <style>\r\n    p.serif {\r\n      font-family: \"Roboto\", Sans-serif;\r\n    }\r\n  <\/style>\r\n  <script\r\n    src=\"https:\/\/code.jquery.com\/jquery-3.3.1.min.js\"\r\n    integrity=\"sha256-FgpCb\/KJQlLNfOu91ta32o\/NMZxltwRo8QtmkMRdAu8=\"\r\n    crossorigin=\"anonymous\">\r\n  <\/script>\r\n<\/head>\r\n<body>\r\n  <div class=\"row support-content\">\r\n    <form id=\"myform\" method=\"get\" action=\"https:\/\/sklep.przelewy24.pl\/zakup.php\">\r\n      <input type=\"hidden\" name=\"z24_id_sprzedawcy\" value=\"339900\">\r\n      <input type=\"hidden\" name=\"z24_crc\" value=\"894cc39e949767f7\">\r\n      <input type=\"hidden\" name=\"z24_return_url\" value=\"aliansewangeliczny.pl\">\r\n      <input type=\"hidden\" name=\"z24_language\" value=\"pl\">\r\n      <table>\r\n        <tr>\r\n          <td align=\"right\">Nazwa produktu:<\/td>\r\n          <td><input type=\"text\" name=\"z24_nazwa\" value=\"DAROWIZNA\"><\/td>\r\n        <\/tr>\r\n        <tr>\r\n          <td align=\"right\">Dodatkowy opis:<\/td>\r\n          <td><textarea name=\"z24_opis\" style=\"width:250px\">Dodatkowe informacje...<\/textarea><\/td>\r\n        <\/tr>\r\n        <tr>\r\n          <td align=\"right\">Do zap\u0142aty:<\/td>\r\n          <td><input type=\"text\" name=\"z24_kwota\" placeholder=\"np. 12,50\"><\/td>\r\n        <\/tr>\r\n      <\/table>\r\n      <input type=\"submit\" value=\"zap\u0142a\u0107 z przelewy24.pl\">\r\n    <\/form>\r\n  <\/div>\r\n\r\n  <script>\r\n    $(document).ready(function () {\r\n      var firstSubmit = false;\r\n\r\n      $('#myform').on('submit', function (e) {\r\n        if (!firstSubmit) {\r\n          e.preventDefault();\r\n          var input = $('input[name=\"z24_kwota\"]');\r\n          var rawVal = input.val().replace(',', '.'); \/\/ zamie\u0144 przecinki na kropki\r\n          var amount = parseFloat(rawVal);\r\n\r\n          if (!isNaN(amount)) {\r\n            input.val(Math.round(amount * 100)); \/\/ np. 12.50 -> 1250\r\n            firstSubmit = true;\r\n            $(this).off('submit').submit(); \/\/ zdejmujemy handler i wysy\u0142amy ponownie\r\n          } else {\r\n            alert(\"Wprowad\u017a poprawn\u0105 kwot\u0119.\");\r\n          }\r\n        }\r\n      });\r\n    });\r\n  <\/script>\r\n<\/body>\r\n<\/html>\r\n\t\t\t\t<\/div>\n\t\t\t\t<\/div>\n\t\t\t\t\t<\/div>\n\t\t<\/div>\n\t\t\t\t\t<\/div>\n\t\t<\/section>\n\t\t\t\t<section class=\"elementor-section elementor-top-section elementor-element elementor-element-2090293 elementor-section-boxed elementor-section-height-default elementor-section-height-default\" data-id=\"2090293\" data-element_type=\"section\">\n\t\t\t\t\t\t<div class=\"elementor-container elementor-column-gap-default\">\n\t\t\t\t\t<div class=\"elementor-column elementor-col-100 elementor-top-column elementor-element elementor-element-1f1808e\" data-id=\"1f1808e\" data-element_type=\"column\">\n\t\t\t<div class=\"elementor-widget-wrap elementor-element-populated\">\n\t\t\t\t\t\t<div class=\"elementor-element elementor-element-99906aa elementor-widget elementor-widget-heading\" data-id=\"99906aa\" data-element_type=\"widget\" data-widget_type=\"heading.default\">\n\t\t\t\t<div class=\"elementor-widget-container\">\n\t\t\t\t\t<h2 class=\"elementor-heading-title elementor-size-default\">Wszelkie darowizny s\u0105 przeznaczone na cele statutowe Aliansu Ewangelicznego w Rzeczpospolitej Polskiej, Pu\u0142awska 114\/4, Warszawa, NIP 5213127052. <\/h2>\t\t\t\t<\/div>\n\t\t\t\t<\/div>\n\t\t\t\t\t<\/div>\n\t\t<\/div>\n\t\t\t\t\t<\/div>\n\t\t<\/section>\n\t\t\t\t<section class=\"elementor-section elementor-top-section elementor-element elementor-element-8d88e1f elementor-section-boxed elementor-section-height-default elementor-section-height-default\" data-id=\"8d88e1f\" data-element_type=\"section\">\n\t\t\t\t\t\t<div class=\"elementor-container elementor-column-gap-default\">\n\t\t\t\t\t<div class=\"elementor-column elementor-col-100 elementor-top-column elementor-element elementor-element-8ba0e7f\" data-id=\"8ba0e7f\" data-element_type=\"column\">\n\t\t\t<div class=\"elementor-widget-wrap elementor-element-populated\">\n\t\t\t\t\t\t<div class=\"elementor-element elementor-element-2eb7465 elementor-widget elementor-widget-heading\" data-id=\"2eb7465\" data-element_type=\"widget\" data-widget_type=\"heading.default\">\n\t\t\t\t<div class=\"elementor-widget-container\">\n\t\t\t\t\t<h2 class=\"elementor-heading-title elementor-size-default\"><a href=\"http:\/\/aliansewangeliczny.pl\/wp-content\/uploads\/2025\/04\/statut_AE_2014_jednolity.pdf\">Statut<\/a><\/h2>\t\t\t\t<\/div>\n\t\t\t\t<\/div>\n\t\t\t\t\t<\/div>\n\t\t<\/div>\n\t\t\t\t\t<\/div>\n\t\t<\/section>\n\t\t\t\t<\/div>\n\t\t","protected":false},"excerpt":{"rendered":"<p>Przelew tradycyjny Konto bankowe: 45 1020 1156 0000 7202 0071 0897 Alians Ewangeliczny w RP ul. Pu\u0142awska 114 lok. 4 02-620 WARSZAWA P\u0142atno\u015b\u0107 online, kart\u0105 lub blikiem Formularz P\u0142atno\u015bci Nazwa produktu: Dodatkowy opis: Dodatkowe informacje&#8230; Do zap\u0142aty: Wszelkie darowizny s\u0105 przeznaczone na cele statutowe Aliansu Ewangelicznego w Rzeczpospolitej Polskiej, Pu\u0142awska 114\/4, Warszawa, NIP 5213127052. Statut<\/p>\n","protected":false},"author":1,"featured_media":0,"parent":0,"menu_order":0,"comment_status":"closed","ping_status":"closed","template":"","meta":{"footnotes":""},"class_list":["post-1468","page","type-page","status-publish","hentry"],"_links":{"self":[{"href":"https:\/\/aliansewangeliczny.pl\/index.php\/wp-json\/wp\/v2\/pages\/1468","targetHints":{"allow":["GET"]}}],"collection":[{"href":"https:\/\/aliansewangeliczny.pl\/index.php\/wp-json\/wp\/v2\/pages"}],"about":[{"href":"https:\/\/aliansewangeliczny.pl\/index.php\/wp-json\/wp\/v2\/types\/page"}],"author":[{"embeddable":true,"href":"https:\/\/aliansewangeliczny.pl\/index.php\/wp-json\/wp\/v2\/users\/1"}],"replies":[{"embeddable":true,"href":"https:\/\/aliansewangeliczny.pl\/index.php\/wp-json\/wp\/v2\/comments?post=1468"}],"version-history":[{"count":70,"href":"https:\/\/aliansewangeliczny.pl\/index.php\/wp-json\/wp\/v2\/pages\/1468\/revisions"}],"predecessor-version":[{"id":1619,"href":"https:\/\/aliansewangeliczny.pl\/index.php\/wp-json\/wp\/v2\/pages\/1468\/revisions\/1619"}],"wp:attachment":[{"href":"https:\/\/aliansewangeliczny.pl\/index.php\/wp-json\/wp\/v2\/media?parent=1468"}],"curies":[{"name":"wp","href":"https:\/\/api.w.org\/{rel}","templated":true}]}}