{"id":1544,"date":"2025-04-25T08:53:26","date_gmt":"2025-04-25T06:53:26","guid":{"rendered":"https:\/\/aliansewangeliczny.pl\/?page_id=1544"},"modified":"2025-04-25T09:38:51","modified_gmt":"2025-04-25T07:38:51","slug":"wspieram2","status":"publish","type":"page","link":"https:\/\/aliansewangeliczny.pl\/index.php\/wspieram2\/","title":{"rendered":"Wspieram2"},"content":{"rendered":"\t\t<div data-elementor-type=\"wp-page\" data-elementor-id=\"1544\" class=\"elementor elementor-1544\" data-elementor-post-type=\"page\">\n\t\t\t\t\t\t<section class=\"elementor-section elementor-top-section elementor-element elementor-element-8d2b08c elementor-section-boxed elementor-section-height-default elementor-section-height-default\" data-id=\"8d2b08c\" data-element_type=\"section\">\n\t\t\t\t\t\t<div class=\"elementor-container elementor-column-gap-default\">\n\t\t\t\t\t<div class=\"elementor-column elementor-col-50 elementor-top-column elementor-element elementor-element-185cf26\" data-id=\"185cf26\" data-element_type=\"column\">\n\t\t\t<div class=\"elementor-widget-wrap elementor-element-populated\">\n\t\t\t\t\t\t<div class=\"elementor-element elementor-element-d9d45ef elementor-widget elementor-widget-heading\" data-id=\"d9d45ef\" data-element_type=\"widget\" data-widget_type=\"heading.default\">\n\t\t\t\t<div class=\"elementor-widget-container\">\n\t\t\t\t\t<h2 class=\"elementor-heading-title elementor-size-default\">Przelew tradycyjny 2<\/h2>\t\t\t\t<\/div>\n\t\t\t\t<\/div>\n\t\t\t\t<div class=\"elementor-element elementor-element-23af5a8 elementor-widget elementor-widget-heading\" data-id=\"23af5a8\" data-element_type=\"widget\" data-widget_type=\"heading.default\">\n\t\t\t\t<div class=\"elementor-widget-container\">\n\t\t\t\t\t<h2 class=\"elementor-heading-title elementor-size-default\">Konto bankowe: <br>\n45 1020 1156 0000 7202 0071 0897 <br><br>\nAlians Ewangeliczny w RP <br>\nul. Pu\u0142awska 114 lok. 4 <br>\n02-620 WARSZAWA<\/h2>\t\t\t\t<\/div>\n\t\t\t\t<\/div>\n\t\t\t\t\t<\/div>\n\t\t<\/div>\n\t\t\t\t<div class=\"elementor-column elementor-col-50 elementor-top-column elementor-element elementor-element-641642c\" data-id=\"641642c\" data-element_type=\"column\">\n\t\t\t<div class=\"elementor-widget-wrap elementor-element-populated\">\n\t\t\t\t\t\t<div class=\"elementor-element elementor-element-3fab093 elementor-widget elementor-widget-heading\" data-id=\"3fab093\" data-element_type=\"widget\" data-widget_type=\"heading.default\">\n\t\t\t\t<div class=\"elementor-widget-container\">\n\t\t\t\t\t<h2 class=\"elementor-heading-title elementor-size-default\">P\u0142atno\u015b\u0107 online, kart\u0105 lub blikiem<\/h2>\t\t\t\t<\/div>\n\t\t\t\t<\/div>\n\t\t\t\t<div class=\"elementor-element elementor-element-7397cd8 elementor-widget elementor-widget-image\" data-id=\"7397cd8\" data-element_type=\"widget\" data-widget_type=\"image.default\">\n\t\t\t\t<div class=\"elementor-widget-container\">\n\t\t\t\t\t\t\t\t\t\t\t\t\t\t\t<img fetchpriority=\"high\" decoding=\"async\" width=\"800\" height=\"409\" src=\"https:\/\/aliansewangeliczny.pl\/wp-content\/uploads\/2025\/04\/flagi_Przelewy24_1a-1024x523.jpg\" class=\"attachment-large size-large wp-image-1501\" alt=\"\" srcset=\"https:\/\/aliansewangeliczny.pl\/wp-content\/uploads\/2025\/04\/flagi_Przelewy24_1a-1024x523.jpg 1024w, https:\/\/aliansewangeliczny.pl\/wp-content\/uploads\/2025\/04\/flagi_Przelewy24_1a-300x153.jpg 300w, https:\/\/aliansewangeliczny.pl\/wp-content\/uploads\/2025\/04\/flagi_Przelewy24_1a-768x392.jpg 768w, https:\/\/aliansewangeliczny.pl\/wp-content\/uploads\/2025\/04\/flagi_Przelewy24_1a-1536x784.jpg 1536w, https:\/\/aliansewangeliczny.pl\/wp-content\/uploads\/2025\/04\/flagi_Przelewy24_1a.jpg 1920w\" sizes=\"(max-width: 800px) 100vw, 800px\" \/>\t\t\t\t\t\t\t\t\t\t\t\t\t\t\t<\/div>\n\t\t\t\t<\/div>\n\t\t\t\t<div class=\"elementor-element elementor-element-b52d12a elementor-align-center elementor-widget elementor-widget-button\" data-id=\"b52d12a\" data-element_type=\"widget\" data-widget_type=\"button.default\">\n\t\t\t\t<div class=\"elementor-widget-container\">\n\t\t\t\t\t\t\t\t\t<div class=\"elementor-button-wrapper\">\n\t\t\t\t\t<a class=\"elementor-button elementor-button-link elementor-size-sm\" href=\"#\">\n\t\t\t\t\t\t<span class=\"elementor-button-content-wrapper\">\n\t\t\t\t\t\t\t\t\t<span class=\"elementor-button-text\">PRZEKA\u017b DAROWIZN\u0118<\/span>\n\t\t\t\t\t<\/span>\n\t\t\t\t\t<\/a>\n\t\t\t\t<\/div>\n\t\t\t\t\t\t\t\t<\/div>\n\t\t\t\t<\/div>\n\t\t\t\t\t<\/div>\n\t\t<\/div>\n\t\t\t\t\t<\/div>\n\t\t<\/section>\n\t\t\t\t<section class=\"elementor-section elementor-top-section elementor-element elementor-element-2090293 elementor-section-boxed elementor-section-height-default elementor-section-height-default\" data-id=\"2090293\" data-element_type=\"section\">\n\t\t\t\t\t\t<div class=\"elementor-container elementor-column-gap-default\">\n\t\t\t\t\t<div class=\"elementor-column elementor-col-100 elementor-top-column elementor-element elementor-element-1f1808e\" data-id=\"1f1808e\" data-element_type=\"column\">\n\t\t\t<div class=\"elementor-widget-wrap elementor-element-populated\">\n\t\t\t\t\t\t<div class=\"elementor-element elementor-element-99906aa elementor-widget elementor-widget-heading\" data-id=\"99906aa\" data-element_type=\"widget\" data-widget_type=\"heading.default\">\n\t\t\t\t<div class=\"elementor-widget-container\">\n\t\t\t\t\t<h2 class=\"elementor-heading-title elementor-size-default\">Wszelkie darowizny s\u0105 przeznaczone na cele statutowe Aliansu Ewangelicznego w Rzeczpospolitej Polskiej, Pu\u0142awska 114\/4, Warszawa, NIP 5213127052. <\/h2>\t\t\t\t<\/div>\n\t\t\t\t<\/div>\n\t\t\t\t\t<\/div>\n\t\t<\/div>\n\t\t\t\t\t<\/div>\n\t\t<\/section>\n\t\t\t\t<section class=\"elementor-section elementor-top-section elementor-element elementor-element-8d88e1f elementor-section-boxed elementor-section-height-default elementor-section-height-default\" data-id=\"8d88e1f\" data-element_type=\"section\">\n\t\t\t\t\t\t<div class=\"elementor-container elementor-column-gap-default\">\n\t\t\t\t\t<div class=\"elementor-column elementor-col-100 elementor-top-column elementor-element elementor-element-8ba0e7f\" data-id=\"8ba0e7f\" data-element_type=\"column\">\n\t\t\t<div class=\"elementor-widget-wrap elementor-element-populated\">\n\t\t\t\t\t\t<div class=\"elementor-element elementor-element-2eb7465 elementor-widget elementor-widget-heading\" data-id=\"2eb7465\" data-element_type=\"widget\" data-widget_type=\"heading.default\">\n\t\t\t\t<div class=\"elementor-widget-container\">\n\t\t\t\t\t<h2 class=\"elementor-heading-title elementor-size-default\"><a href=\"http:\/\/aliansewangeliczny.pl\/wp-content\/uploads\/2025\/04\/statut_AE_2014_jednolity.pdf\">Statut<\/a><\/h2>\t\t\t\t<\/div>\n\t\t\t\t<\/div>\n\t\t\t\t\t<\/div>\n\t\t<\/div>\n\t\t\t\t\t<\/div>\n\t\t<\/section>\n\t\t\t\t<\/div>\n\t\t","protected":false},"excerpt":{"rendered":"<p>Przelew tradycyjny 2 Konto bankowe: 45 1020 1156 0000 7202 0071 0897 Alians Ewangeliczny w RP ul. Pu\u0142awska 114 lok. 4 02-620 WARSZAWA P\u0142atno\u015b\u0107 online, kart\u0105 lub blikiem PRZEKA\u017b DAROWIZN\u0118 Wszelkie darowizny s\u0105 przeznaczone na cele statutowe Aliansu Ewangelicznego w Rzeczpospolitej Polskiej, Pu\u0142awska 114\/4, Warszawa, NIP 5213127052. Statut<\/p>\n","protected":false},"author":1,"featured_media":0,"parent":0,"menu_order":0,"comment_status":"closed","ping_status":"closed","template":"","meta":{"footnotes":""},"class_list":["post-1544","page","type-page","status-publish","hentry"],"_links":{"self":[{"href":"https:\/\/aliansewangeliczny.pl\/index.php\/wp-json\/wp\/v2\/pages\/1544","targetHints":{"allow":["GET"]}}],"collection":[{"href":"https:\/\/aliansewangeliczny.pl\/index.php\/wp-json\/wp\/v2\/pages"}],"about":[{"href":"https:\/\/aliansewangeliczny.pl\/index.php\/wp-json\/wp\/v2\/types\/page"}],"author":[{"embeddable":true,"href":"https:\/\/aliansewangeliczny.pl\/index.php\/wp-json\/wp\/v2\/users\/1"}],"replies":[{"embeddable":true,"href":"https:\/\/aliansewangeliczny.pl\/index.php\/wp-json\/wp\/v2\/comments?post=1544"}],"version-history":[{"count":10,"href":"https:\/\/aliansewangeliczny.pl\/index.php\/wp-json\/wp\/v2\/pages\/1544\/revisions"}],"predecessor-version":[{"id":1612,"href":"https:\/\/aliansewangeliczny.pl\/index.php\/wp-json\/wp\/v2\/pages\/1544\/revisions\/1612"}],"wp:attachment":[{"href":"https:\/\/aliansewangeliczny.pl\/index.php\/wp-json\/wp\/v2\/media?parent=1544"}],"curies":[{"name":"wp","href":"https:\/\/api.w.org\/{rel}","templated":true}]}}