{"id":1674,"date":"2025-08-29T12:43:15","date_gmt":"2025-08-29T10:43:15","guid":{"rendered":"https:\/\/aliansewangeliczny.pl\/?page_id=1674"},"modified":"2025-08-29T12:47:12","modified_gmt":"2025-08-29T10:47:12","slug":"ukrainian-prayer-breakfast","status":"publish","type":"page","link":"https:\/\/aliansewangeliczny.pl\/index.php\/ukrainian-prayer-breakfast\/","title":{"rendered":"Ukrainian Prayer Breakfast"},"content":{"rendered":"\t\t<div data-elementor-type=\"wp-page\" data-elementor-id=\"1674\" class=\"elementor elementor-1674\" data-elementor-post-type=\"page\">\n\t\t\t\t\t\t<section class=\"elementor-section elementor-top-section elementor-element elementor-element-288f2b0 elementor-section-boxed elementor-section-height-default elementor-section-height-default\" data-id=\"288f2b0\" data-element_type=\"section\" data-e-type=\"section\">\n\t\t\t\t\t\t<div class=\"elementor-container elementor-column-gap-default\">\n\t\t\t\t\t<div class=\"elementor-column elementor-col-100 elementor-top-column elementor-element elementor-element-525dba3\" data-id=\"525dba3\" data-element_type=\"column\" data-e-type=\"column\">\n\t\t\t<div class=\"elementor-widget-wrap elementor-element-populated\">\n\t\t\t\t\t\t<div class=\"elementor-element elementor-element-04d1960 elementor-widget elementor-widget-heading\" data-id=\"04d1960\" data-element_type=\"widget\" data-e-type=\"widget\" data-widget_type=\"heading.default\">\n\t\t\t\t<div class=\"elementor-widget-container\">\n\t\t\t\t\t<h2 class=\"elementor-heading-title elementor-size-default\">Ukrainian Prayer Breakfast<\/h2>\t\t\t\t<\/div>\n\t\t\t\t<\/div>\n\t\t\t\t\t<\/div>\n\t\t<\/div>\n\t\t\t\t\t<\/div>\n\t\t<\/section>\n\t\t\t\t<section class=\"elementor-section elementor-top-section elementor-element elementor-element-cb1589f elementor-section-boxed elementor-section-height-default elementor-section-height-default\" data-id=\"cb1589f\" data-element_type=\"section\" data-e-type=\"section\">\n\t\t\t\t\t\t<div class=\"elementor-container elementor-column-gap-default\">\n\t\t\t\t\t<div class=\"elementor-column elementor-col-100 elementor-top-column elementor-element elementor-element-1a8ff3f\" data-id=\"1a8ff3f\" data-element_type=\"column\" data-e-type=\"column\">\n\t\t\t<div class=\"elementor-widget-wrap elementor-element-populated\">\n\t\t\t\t\t\t<div class=\"elementor-element elementor-element-6cb4f6c elementor-widget elementor-widget-text-editor\" data-id=\"6cb4f6c\" data-element_type=\"widget\" data-e-type=\"widget\" data-widget_type=\"text-editor.default\">\n\t\t\t\t<div class=\"elementor-widget-container\">\n\t\t\t\t\t\t\t\t\t<p><i>25 sierpnia 2025 roku odby\u0142 si\u0119 w Kijowie Ukrainian Prayer Breakfast. <\/i><\/p><p><i>By\u0142o to wydarzenie na oko\u0142o tysi\u0105c uczestnik\u00f3w, z udzia\u0142em wierz\u0105cych r\u00f3\u017cnych wyzna\u0144 z Ukrainy i innych kraj\u00f3w. Odby\u0142o si\u0119 ono pod patronatem prezydenta Ukrainy, z jego obecno\u015bci\u0105 i oraz obecno\u015bci\u0105 wielu innych polityk\u00f3w ukrai\u0144skich i zagranicznych. <\/i><\/p><p><i>\u015arodowiska ewangeliczne z Polski by\u0142y reprezentowane przez bp dr Marka Kami\u0144skiego, Przewodnicz\u0105cego Pentecostal European Fellowship oraz pastora Andrzeja N\u0119dzusiaka, Przewodnicz\u0105cego Aliansu Ewangelicznego w RP. <\/i><\/p><p><i>Mia\u0142o miejsce wsp\u00f3lne wo\u0142anie do Boga o Ukrain\u0119, g\u0142\u00f3wnie w kontek\u015bcie rosyjskiej agresji na ten kraj i jej tragicznych skutk\u00f3w. Byli\u015bmy \u015bwiadkami stani\u0119cia w modlitewnej jedno\u015bci ludzi z wielu r\u00f3\u017cnych wyzna\u0144. Trwajmy w modlitwie o cud zako\u0144czenia wojny i rozw\u00f3j Ukrainy wed\u0142ug Bo\u017cych plan\u00f3w, szczeg\u00f3lnie ten duchowy!<\/i><\/p>\t\t\t\t\t\t\t\t<\/div>\n\t\t\t\t<\/div>\n\t\t\t\t\t<\/div>\n\t\t<\/div>\n\t\t\t\t\t<\/div>\n\t\t<\/section>\n\t\t\t\t<section class=\"elementor-section elementor-top-section elementor-element elementor-element-93a8b4f elementor-section-boxed elementor-section-height-default elementor-section-height-default\" data-id=\"93a8b4f\" data-element_type=\"section\" data-e-type=\"section\">\n\t\t\t\t\t\t<div class=\"elementor-container elementor-column-gap-default\">\n\t\t\t\t\t<div class=\"elementor-column elementor-col-100 elementor-top-column elementor-element elementor-element-028691f\" data-id=\"028691f\" data-element_type=\"column\" data-e-type=\"column\">\n\t\t\t<div class=\"elementor-widget-wrap elementor-element-populated\">\n\t\t\t\t\t\t<div class=\"elementor-element elementor-element-4ea4fd8 gallery-spacing-custom elementor-widget elementor-widget-image-gallery\" data-id=\"4ea4fd8\" data-element_type=\"widget\" data-e-type=\"widget\" data-widget_type=\"image-gallery.default\">\n\t\t\t\t<div class=\"elementor-widget-container\">\n\t\t\t\t\t\t\t<div class=\"elementor-image-gallery\">\n\t\t\t<div id='gallery-1' class='gallery galleryid-1674 gallery-columns-4 gallery-size-medium'><figure class='gallery-item'>\n\t\t\t<div class='gallery-icon landscape'>\n\t\t\t\t<a data-elementor-open-lightbox=\"yes\" data-elementor-lightbox-slideshow=\"4ea4fd8\" data-elementor-lightbox-title=\"1\" data-e-action-hash=\"#elementor-action%3Aaction%3Dlightbox%26settings%3DeyJpZCI6MTY3OSwidXJsIjoiaHR0cHM6XC9cL2FsaWFuc2V3YW5nZWxpY3pueS5wbFwvd3AtY29udGVudFwvdXBsb2Fkc1wvMjAyNVwvMDhcLzEuanBnIiwic2xpZGVzaG93IjoiNGVhNGZkOCJ9\" href='https:\/\/aliansewangeliczny.pl\/wp-content\/uploads\/2025\/08\/1.jpg'><img fetchpriority=\"high\" decoding=\"async\" width=\"300\" height=\"251\" src=\"https:\/\/aliansewangeliczny.pl\/wp-content\/uploads\/2025\/08\/1-300x251.jpg\" class=\"attachment-medium size-medium\" alt=\"\" srcset=\"https:\/\/aliansewangeliczny.pl\/wp-content\/uploads\/2025\/08\/1-300x251.jpg 300w, https:\/\/aliansewangeliczny.pl\/wp-content\/uploads\/2025\/08\/1-768x644.jpg 768w, https:\/\/aliansewangeliczny.pl\/wp-content\/uploads\/2025\/08\/1.jpg 940w\" sizes=\"(max-width: 300px) 100vw, 300px\" \/><\/a>\n\t\t\t<\/div><\/figure><figure class='gallery-item'>\n\t\t\t<div class='gallery-icon landscape'>\n\t\t\t\t<a data-elementor-open-lightbox=\"yes\" data-elementor-lightbox-slideshow=\"4ea4fd8\" data-elementor-lightbox-title=\"2\" data-e-action-hash=\"#elementor-action%3Aaction%3Dlightbox%26settings%3DeyJpZCI6MTY4MCwidXJsIjoiaHR0cHM6XC9cL2FsaWFuc2V3YW5nZWxpY3pueS5wbFwvd3AtY29udGVudFwvdXBsb2Fkc1wvMjAyNVwvMDhcLzIuanBnIiwic2xpZGVzaG93IjoiNGVhNGZkOCJ9\" href='https:\/\/aliansewangeliczny.pl\/wp-content\/uploads\/2025\/08\/2.jpg'><img decoding=\"async\" width=\"300\" height=\"251\" src=\"https:\/\/aliansewangeliczny.pl\/wp-content\/uploads\/2025\/08\/2-300x251.jpg\" class=\"attachment-medium size-medium\" alt=\"\" srcset=\"https:\/\/aliansewangeliczny.pl\/wp-content\/uploads\/2025\/08\/2-300x251.jpg 300w, https:\/\/aliansewangeliczny.pl\/wp-content\/uploads\/2025\/08\/2-768x644.jpg 768w, https:\/\/aliansewangeliczny.pl\/wp-content\/uploads\/2025\/08\/2.jpg 940w\" sizes=\"(max-width: 300px) 100vw, 300px\" \/><\/a>\n\t\t\t<\/div><\/figure><figure class='gallery-item'>\n\t\t\t<div class='gallery-icon landscape'>\n\t\t\t\t<a data-elementor-open-lightbox=\"yes\" data-elementor-lightbox-slideshow=\"4ea4fd8\" data-elementor-lightbox-title=\"3\" data-e-action-hash=\"#elementor-action%3Aaction%3Dlightbox%26settings%3DeyJpZCI6MTY4MSwidXJsIjoiaHR0cHM6XC9cL2FsaWFuc2V3YW5nZWxpY3pueS5wbFwvd3AtY29udGVudFwvdXBsb2Fkc1wvMjAyNVwvMDhcLzMtMS5qcGciLCJzbGlkZXNob3ciOiI0ZWE0ZmQ4In0%3D\" href='https:\/\/aliansewangeliczny.pl\/wp-content\/uploads\/2025\/08\/3-1.jpg'><img decoding=\"async\" width=\"300\" height=\"251\" src=\"https:\/\/aliansewangeliczny.pl\/wp-content\/uploads\/2025\/08\/3-1-300x251.jpg\" class=\"attachment-medium size-medium\" alt=\"\" srcset=\"https:\/\/aliansewangeliczny.pl\/wp-content\/uploads\/2025\/08\/3-1-300x251.jpg 300w, https:\/\/aliansewangeliczny.pl\/wp-content\/uploads\/2025\/08\/3-1-768x644.jpg 768w, https:\/\/aliansewangeliczny.pl\/wp-content\/uploads\/2025\/08\/3-1.jpg 940w\" sizes=\"(max-width: 300px) 100vw, 300px\" \/><\/a>\n\t\t\t<\/div><\/figure><figure class='gallery-item'>\n\t\t\t<div class='gallery-icon landscape'>\n\t\t\t\t<a data-elementor-open-lightbox=\"yes\" data-elementor-lightbox-slideshow=\"4ea4fd8\" data-elementor-lightbox-title=\"4\" data-e-action-hash=\"#elementor-action%3Aaction%3Dlightbox%26settings%3DeyJpZCI6MTY4MiwidXJsIjoiaHR0cHM6XC9cL2FsaWFuc2V3YW5nZWxpY3pueS5wbFwvd3AtY29udGVudFwvdXBsb2Fkc1wvMjAyNVwvMDhcLzQuanBnIiwic2xpZGVzaG93IjoiNGVhNGZkOCJ9\" href='https:\/\/aliansewangeliczny.pl\/wp-content\/uploads\/2025\/08\/4.jpg'><img loading=\"lazy\" decoding=\"async\" width=\"300\" height=\"251\" src=\"https:\/\/aliansewangeliczny.pl\/wp-content\/uploads\/2025\/08\/4-300x251.jpg\" class=\"attachment-medium size-medium\" alt=\"\" srcset=\"https:\/\/aliansewangeliczny.pl\/wp-content\/uploads\/2025\/08\/4-300x251.jpg 300w, https:\/\/aliansewangeliczny.pl\/wp-content\/uploads\/2025\/08\/4-768x644.jpg 768w, https:\/\/aliansewangeliczny.pl\/wp-content\/uploads\/2025\/08\/4.jpg 940w\" sizes=\"(max-width: 300px) 100vw, 300px\" \/><\/a>\n\t\t\t<\/div><\/figure><figure class='gallery-item'>\n\t\t\t<div class='gallery-icon landscape'>\n\t\t\t\t<a data-elementor-open-lightbox=\"yes\" data-elementor-lightbox-slideshow=\"4ea4fd8\" data-elementor-lightbox-title=\"5\" data-e-action-hash=\"#elementor-action%3Aaction%3Dlightbox%26settings%3DeyJpZCI6MTY4MywidXJsIjoiaHR0cHM6XC9cL2FsaWFuc2V3YW5nZWxpY3pueS5wbFwvd3AtY29udGVudFwvdXBsb2Fkc1wvMjAyNVwvMDhcLzUuanBnIiwic2xpZGVzaG93IjoiNGVhNGZkOCJ9\" href='https:\/\/aliansewangeliczny.pl\/wp-content\/uploads\/2025\/08\/5.jpg'><img loading=\"lazy\" decoding=\"async\" width=\"300\" height=\"251\" src=\"https:\/\/aliansewangeliczny.pl\/wp-content\/uploads\/2025\/08\/5-300x251.jpg\" class=\"attachment-medium size-medium\" alt=\"\" srcset=\"https:\/\/aliansewangeliczny.pl\/wp-content\/uploads\/2025\/08\/5-300x251.jpg 300w, https:\/\/aliansewangeliczny.pl\/wp-content\/uploads\/2025\/08\/5-768x644.jpg 768w, https:\/\/aliansewangeliczny.pl\/wp-content\/uploads\/2025\/08\/5.jpg 940w\" sizes=\"(max-width: 300px) 100vw, 300px\" \/><\/a>\n\t\t\t<\/div><\/figure><figure class='gallery-item'>\n\t\t\t<div class='gallery-icon landscape'>\n\t\t\t\t<a data-elementor-open-lightbox=\"yes\" data-elementor-lightbox-slideshow=\"4ea4fd8\" data-elementor-lightbox-title=\"6\" data-e-action-hash=\"#elementor-action%3Aaction%3Dlightbox%26settings%3DeyJpZCI6MTY4NCwidXJsIjoiaHR0cHM6XC9cL2FsaWFuc2V3YW5nZWxpY3pueS5wbFwvd3AtY29udGVudFwvdXBsb2Fkc1wvMjAyNVwvMDhcLzYuanBnIiwic2xpZGVzaG93IjoiNGVhNGZkOCJ9\" href='https:\/\/aliansewangeliczny.pl\/wp-content\/uploads\/2025\/08\/6.jpg'><img loading=\"lazy\" decoding=\"async\" width=\"300\" height=\"251\" src=\"https:\/\/aliansewangeliczny.pl\/wp-content\/uploads\/2025\/08\/6-300x251.jpg\" class=\"attachment-medium size-medium\" alt=\"\" srcset=\"https:\/\/aliansewangeliczny.pl\/wp-content\/uploads\/2025\/08\/6-300x251.jpg 300w, https:\/\/aliansewangeliczny.pl\/wp-content\/uploads\/2025\/08\/6-768x644.jpg 768w, https:\/\/aliansewangeliczny.pl\/wp-content\/uploads\/2025\/08\/6.jpg 940w\" sizes=\"(max-width: 300px) 100vw, 300px\" \/><\/a>\n\t\t\t<\/div><\/figure><figure class='gallery-item'>\n\t\t\t<div class='gallery-icon landscape'>\n\t\t\t\t<a data-elementor-open-lightbox=\"yes\" data-elementor-lightbox-slideshow=\"4ea4fd8\" data-elementor-lightbox-title=\"7\" data-e-action-hash=\"#elementor-action%3Aaction%3Dlightbox%26settings%3DeyJpZCI6MTY4NSwidXJsIjoiaHR0cHM6XC9cL2FsaWFuc2V3YW5nZWxpY3pueS5wbFwvd3AtY29udGVudFwvdXBsb2Fkc1wvMjAyNVwvMDhcLzcuanBnIiwic2xpZGVzaG93IjoiNGVhNGZkOCJ9\" href='https:\/\/aliansewangeliczny.pl\/wp-content\/uploads\/2025\/08\/7.jpg'><img loading=\"lazy\" decoding=\"async\" width=\"300\" height=\"251\" src=\"https:\/\/aliansewangeliczny.pl\/wp-content\/uploads\/2025\/08\/7-300x251.jpg\" class=\"attachment-medium size-medium\" alt=\"\" srcset=\"https:\/\/aliansewangeliczny.pl\/wp-content\/uploads\/2025\/08\/7-300x251.jpg 300w, https:\/\/aliansewangeliczny.pl\/wp-content\/uploads\/2025\/08\/7-768x644.jpg 768w, https:\/\/aliansewangeliczny.pl\/wp-content\/uploads\/2025\/08\/7.jpg 940w\" sizes=\"(max-width: 300px) 100vw, 300px\" \/><\/a>\n\t\t\t<\/div><\/figure><figure class='gallery-item'>\n\t\t\t<div class='gallery-icon landscape'>\n\t\t\t\t<a data-elementor-open-lightbox=\"yes\" data-elementor-lightbox-slideshow=\"4ea4fd8\" data-elementor-lightbox-title=\"8\" data-e-action-hash=\"#elementor-action%3Aaction%3Dlightbox%26settings%3DeyJpZCI6MTY4NiwidXJsIjoiaHR0cHM6XC9cL2FsaWFuc2V3YW5nZWxpY3pueS5wbFwvd3AtY29udGVudFwvdXBsb2Fkc1wvMjAyNVwvMDhcLzguanBnIiwic2xpZGVzaG93IjoiNGVhNGZkOCJ9\" href='https:\/\/aliansewangeliczny.pl\/wp-content\/uploads\/2025\/08\/8.jpg'><img loading=\"lazy\" decoding=\"async\" width=\"300\" height=\"251\" src=\"https:\/\/aliansewangeliczny.pl\/wp-content\/uploads\/2025\/08\/8-300x251.jpg\" class=\"attachment-medium size-medium\" alt=\"\" srcset=\"https:\/\/aliansewangeliczny.pl\/wp-content\/uploads\/2025\/08\/8-300x251.jpg 300w, https:\/\/aliansewangeliczny.pl\/wp-content\/uploads\/2025\/08\/8-768x644.jpg 768w, https:\/\/aliansewangeliczny.pl\/wp-content\/uploads\/2025\/08\/8.jpg 940w\" sizes=\"(max-width: 300px) 100vw, 300px\" \/><\/a>\n\t\t\t<\/div><\/figure><figure class='gallery-item'>\n\t\t\t<div class='gallery-icon landscape'>\n\t\t\t\t<a data-elementor-open-lightbox=\"yes\" data-elementor-lightbox-slideshow=\"4ea4fd8\" data-elementor-lightbox-title=\"9\" data-e-action-hash=\"#elementor-action%3Aaction%3Dlightbox%26settings%3DeyJpZCI6MTY4NywidXJsIjoiaHR0cHM6XC9cL2FsaWFuc2V3YW5nZWxpY3pueS5wbFwvd3AtY29udGVudFwvdXBsb2Fkc1wvMjAyNVwvMDhcLzkuanBnIiwic2xpZGVzaG93IjoiNGVhNGZkOCJ9\" href='https:\/\/aliansewangeliczny.pl\/wp-content\/uploads\/2025\/08\/9.jpg'><img loading=\"lazy\" decoding=\"async\" width=\"300\" height=\"251\" src=\"https:\/\/aliansewangeliczny.pl\/wp-content\/uploads\/2025\/08\/9-300x251.jpg\" class=\"attachment-medium size-medium\" alt=\"\" srcset=\"https:\/\/aliansewangeliczny.pl\/wp-content\/uploads\/2025\/08\/9-300x251.jpg 300w, https:\/\/aliansewangeliczny.pl\/wp-content\/uploads\/2025\/08\/9-768x644.jpg 768w, https:\/\/aliansewangeliczny.pl\/wp-content\/uploads\/2025\/08\/9.jpg 940w\" sizes=\"(max-width: 300px) 100vw, 300px\" \/><\/a>\n\t\t\t<\/div><\/figure><figure class='gallery-item'>\n\t\t\t<div class='gallery-icon landscape'>\n\t\t\t\t<a data-elementor-open-lightbox=\"yes\" data-elementor-lightbox-slideshow=\"4ea4fd8\" data-elementor-lightbox-title=\"10\" data-e-action-hash=\"#elementor-action%3Aaction%3Dlightbox%26settings%3DeyJpZCI6MTY4OCwidXJsIjoiaHR0cHM6XC9cL2FsaWFuc2V3YW5nZWxpY3pueS5wbFwvd3AtY29udGVudFwvdXBsb2Fkc1wvMjAyNVwvMDhcLzEwLmpwZyIsInNsaWRlc2hvdyI6IjRlYTRmZDgifQ%3D%3D\" href='https:\/\/aliansewangeliczny.pl\/wp-content\/uploads\/2025\/08\/10.jpg'><img loading=\"lazy\" decoding=\"async\" width=\"300\" height=\"251\" src=\"https:\/\/aliansewangeliczny.pl\/wp-content\/uploads\/2025\/08\/10-300x251.jpg\" class=\"attachment-medium size-medium\" alt=\"\" srcset=\"https:\/\/aliansewangeliczny.pl\/wp-content\/uploads\/2025\/08\/10-300x251.jpg 300w, https:\/\/aliansewangeliczny.pl\/wp-content\/uploads\/2025\/08\/10-768x644.jpg 768w, https:\/\/aliansewangeliczny.pl\/wp-content\/uploads\/2025\/08\/10.jpg 940w\" sizes=\"(max-width: 300px) 100vw, 300px\" \/><\/a>\n\t\t\t<\/div><\/figure><figure class='gallery-item'>\n\t\t\t<div class='gallery-icon landscape'>\n\t\t\t\t<a data-elementor-open-lightbox=\"yes\" data-elementor-lightbox-slideshow=\"4ea4fd8\" data-elementor-lightbox-title=\"11\" data-e-action-hash=\"#elementor-action%3Aaction%3Dlightbox%26settings%3DeyJpZCI6MTY4OSwidXJsIjoiaHR0cHM6XC9cL2FsaWFuc2V3YW5nZWxpY3pueS5wbFwvd3AtY29udGVudFwvdXBsb2Fkc1wvMjAyNVwvMDhcLzExLmpwZyIsInNsaWRlc2hvdyI6IjRlYTRmZDgifQ%3D%3D\" href='https:\/\/aliansewangeliczny.pl\/wp-content\/uploads\/2025\/08\/11.jpg'><img loading=\"lazy\" decoding=\"async\" width=\"300\" height=\"251\" src=\"https:\/\/aliansewangeliczny.pl\/wp-content\/uploads\/2025\/08\/11-300x251.jpg\" class=\"attachment-medium size-medium\" alt=\"\" srcset=\"https:\/\/aliansewangeliczny.pl\/wp-content\/uploads\/2025\/08\/11-300x251.jpg 300w, https:\/\/aliansewangeliczny.pl\/wp-content\/uploads\/2025\/08\/11-768x644.jpg 768w, https:\/\/aliansewangeliczny.pl\/wp-content\/uploads\/2025\/08\/11.jpg 940w\" sizes=\"(max-width: 300px) 100vw, 300px\" \/><\/a>\n\t\t\t<\/div><\/figure><figure class='gallery-item'>\n\t\t\t<div class='gallery-icon landscape'>\n\t\t\t\t<a data-elementor-open-lightbox=\"yes\" data-elementor-lightbox-slideshow=\"4ea4fd8\" data-elementor-lightbox-title=\"12\" data-e-action-hash=\"#elementor-action%3Aaction%3Dlightbox%26settings%3DeyJpZCI6MTY5MCwidXJsIjoiaHR0cHM6XC9cL2FsaWFuc2V3YW5nZWxpY3pueS5wbFwvd3AtY29udGVudFwvdXBsb2Fkc1wvMjAyNVwvMDhcLzEyLmpwZyIsInNsaWRlc2hvdyI6IjRlYTRmZDgifQ%3D%3D\" href='https:\/\/aliansewangeliczny.pl\/wp-content\/uploads\/2025\/08\/12.jpg'><img loading=\"lazy\" decoding=\"async\" width=\"300\" height=\"251\" src=\"https:\/\/aliansewangeliczny.pl\/wp-content\/uploads\/2025\/08\/12-300x251.jpg\" class=\"attachment-medium size-medium\" alt=\"\" srcset=\"https:\/\/aliansewangeliczny.pl\/wp-content\/uploads\/2025\/08\/12-300x251.jpg 300w, https:\/\/aliansewangeliczny.pl\/wp-content\/uploads\/2025\/08\/12-768x644.jpg 768w, https:\/\/aliansewangeliczny.pl\/wp-content\/uploads\/2025\/08\/12.jpg 940w\" sizes=\"(max-width: 300px) 100vw, 300px\" \/><\/a>\n\t\t\t<\/div><\/figure>\n\t\t<\/div>\n\t\t<\/div>\n\t\t\t\t\t\t<\/div>\n\t\t\t\t<\/div>\n\t\t\t\t\t<\/div>\n\t\t<\/div>\n\t\t\t\t\t<\/div>\n\t\t<\/section>\n\t\t\t\t<\/div>\n\t\t","protected":false},"excerpt":{"rendered":"<p>Ukrainian Prayer Breakfast 25 sierpnia 2025 roku odby\u0142 si\u0119 w Kijowie Ukrainian Prayer Breakfast. By\u0142o to wydarzenie na oko\u0142o tysi\u0105c uczestnik\u00f3w, z udzia\u0142em wierz\u0105cych r\u00f3\u017cnych wyzna\u0144 z Ukrainy i innych kraj\u00f3w. Odby\u0142o si\u0119 ono pod patronatem prezydenta Ukrainy, z jego obecno\u015bci\u0105 i oraz obecno\u015bci\u0105 wielu innych polityk\u00f3w ukrai\u0144skich i zagranicznych. \u015arodowiska ewangeliczne z Polski by\u0142y [&hellip;]<\/p>\n","protected":false},"author":1,"featured_media":0,"parent":0,"menu_order":0,"comment_status":"closed","ping_status":"closed","template":"","meta":{"footnotes":""},"class_list":["post-1674","page","type-page","status-publish","hentry"],"_links":{"self":[{"href":"https:\/\/aliansewangeliczny.pl\/index.php\/wp-json\/wp\/v2\/pages\/1674","targetHints":{"allow":["GET"]}}],"collection":[{"href":"https:\/\/aliansewangeliczny.pl\/index.php\/wp-json\/wp\/v2\/pages"}],"about":[{"href":"https:\/\/aliansewangeliczny.pl\/index.php\/wp-json\/wp\/v2\/types\/page"}],"author":[{"embeddable":true,"href":"https:\/\/aliansewangeliczny.pl\/index.php\/wp-json\/wp\/v2\/users\/1"}],"replies":[{"embeddable":true,"href":"https:\/\/aliansewangeliczny.pl\/index.php\/wp-json\/wp\/v2\/comments?post=1674"}],"version-history":[{"count":7,"href":"https:\/\/aliansewangeliczny.pl\/index.php\/wp-json\/wp\/v2\/pages\/1674\/revisions"}],"predecessor-version":[{"id":1693,"href":"https:\/\/aliansewangeliczny.pl\/index.php\/wp-json\/wp\/v2\/pages\/1674\/revisions\/1693"}],"wp:attachment":[{"href":"https:\/\/aliansewangeliczny.pl\/index.php\/wp-json\/wp\/v2\/media?parent=1674"}],"curies":[{"name":"wp","href":"https:\/\/api.w.org\/{rel}","templated":true}]}}