{"id":1700,"date":"2025-09-25T21:19:03","date_gmt":"2025-09-25T19:19:03","guid":{"rendered":"https:\/\/aliansewangeliczny.pl\/?page_id=1700"},"modified":"2025-10-03T09:12:42","modified_gmt":"2025-10-03T07:12:42","slug":"repku","status":"publish","type":"page","link":"https:\/\/aliansewangeliczny.pl\/index.php\/repku\/","title":{"rendered":"REPKU"},"content":{"rendered":"\t\t<div data-elementor-type=\"wp-page\" data-elementor-id=\"1700\" class=\"elementor elementor-1700\" data-elementor-post-type=\"page\">\n\t\t\t\t\t\t<section class=\"elementor-section elementor-top-section elementor-element elementor-element-288f2b0 elementor-section-boxed elementor-section-height-default elementor-section-height-default\" data-id=\"288f2b0\" data-element_type=\"section\">\n\t\t\t\t\t\t<div class=\"elementor-container elementor-column-gap-default\">\n\t\t\t\t\t<div class=\"elementor-column elementor-col-100 elementor-top-column elementor-element elementor-element-525dba3\" data-id=\"525dba3\" data-element_type=\"column\">\n\t\t\t<div class=\"elementor-widget-wrap elementor-element-populated\">\n\t\t\t\t\t\t<div class=\"elementor-element elementor-element-04d1960 elementor-widget elementor-widget-heading\" data-id=\"04d1960\" data-element_type=\"widget\" data-widget_type=\"heading.default\">\n\t\t\t\t<div class=\"elementor-widget-container\">\n\t\t\t\t\t<h2 class=\"elementor-heading-title elementor-size-default\">Ukrai\u0144scy i polscy ewangeliczni chrze\u015bcijanie omawiaj\u0105 sytuacj\u0119 w swoich krajach \ni modl\u0105 si\u0119 o sprawiedliwy pok\u00f3j na Ukrainie.\n<\/h2>\t\t\t\t<\/div>\n\t\t\t\t<\/div>\n\t\t\t\t\t<\/div>\n\t\t<\/div>\n\t\t\t\t\t<\/div>\n\t\t<\/section>\n\t\t\t\t<section class=\"elementor-section elementor-top-section elementor-element elementor-element-cb1589f elementor-section-boxed elementor-section-height-default elementor-section-height-default\" data-id=\"cb1589f\" data-element_type=\"section\">\n\t\t\t\t\t\t<div class=\"elementor-container elementor-column-gap-default\">\n\t\t\t\t\t<div class=\"elementor-column elementor-col-100 elementor-top-column elementor-element elementor-element-1a8ff3f\" data-id=\"1a8ff3f\" data-element_type=\"column\">\n\t\t\t<div class=\"elementor-widget-wrap elementor-element-populated\">\n\t\t\t\t\t\t<div class=\"elementor-element elementor-element-6cb4f6c elementor-widget elementor-widget-text-editor\" data-id=\"6cb4f6c\" data-element_type=\"widget\" data-widget_type=\"text-editor.default\">\n\t\t\t\t<div class=\"elementor-widget-container\">\n\t\t\t\t\t\t\t\t\t<p>24 wrze\u015bnia 2025 roku w Warszawie odby\u0142o si\u0119 spotkanie delegacji Rady Ewangelikalnych Ko\u015bcio\u0142\u00f3w Protestanckich Ukrainy (REPKU) oraz Aliansu Ewangelicznego w Rzeczypospolitej (AE w RP), podczas kt\u00f3rego om\u00f3wiono sytuacj\u0119 w Ukrainie i w Polsce, modlono si\u0119 o sprawiedliwy pok\u00f3j na Ukrainie oraz zaplanowano praktyczne aspekty dalszej wsp\u00f3\u0142pracy.<\/p><p>Strona ukrai\u0144ska wyrazi\u0142a ogromn\u0105 wdzi\u0119czno\u015b\u0107 za dotychczasow\u0105 pomoc i wsparcie ze strony polskiego spo\u0142ecze\u0144stwa, a w szczeg\u00f3lno\u015bci polskich ko\u015bcio\u0142\u00f3w.<\/p><p>Ukrai\u0144scy duchowni zwr\u00f3cili uwag\u0119 na wolno\u015b\u0107 religijn\u0105 w Ukrainie w czasie wojny i opowiedzieli o duchowej i humanitarnej dzia\u0142alno\u015bci ko\u015bcio\u0142\u00f3w w czasie wojny.<\/p><p>Przedstawiciele REPKU poinformowali tak\u017ce duchownych polskich o sytuacji religijnej na tymczasowo okupowanych terytoriach Ukrainy, o prze\u015bladowaniach religijnych ze strony rosyjskich okupant\u00f3w, o zajmowaniu i zamykaniu dom\u00f3w modlitwy, o wykorzystywaniu przez Rosj\u0119 pomieszcze\u0144 ko\u015bcielnych na potrzeby wojskowe i administracyjne, o zab\u00f3jstwach duchownych r\u00f3\u017cnych ko\u015bcio\u0142\u00f3w i bezprawnym przetrzymywaniu os\u00f3b duchownych itp.<\/p><p>Delegacja REPKU zaapelowa\u0142a do przyw\u00f3dc\u00f3w polskich ko\u015bcio\u0142\u00f3w ewangelicznych o upowszechnianie prawdziwych informacji o wojnie w Ukrainie, o zbrodniach Federacji Rosyjskiej w sferze religijnej i przeciwko ludzko\u015bci.<\/p><p>Strony spotkania podzieli\u0142y si\u0119 do\u015bwiadczeniami dialogu i wsp\u00f3\u0142pracy mi\u0119dzyreligijnej w Ukrainie i w Polsce, przedstawiciele AE w RP przedstawili do\u015bwiadczenia w promowaniu warto\u015bci rodzinnych w Polsce, a tak\u017ce w UE.<\/p><p>W\u0105tkiem mocno przebijaj\u0105cym si\u0119 w wielu wypowiedziach, by\u0142a nadzieja w osobie Jezusa Chrystusa, kt\u00f3r\u0105 mo\u017cemy zanosi\u0107 naszym spo\u0142ecze\u0144stwom, szczeg\u00f3lnie w trudnym czasie wojny w Ukrainie: \u201edop\u00f3ki widzimy, \u017ce kto\u015b jest w budynku ko\u015bcielnym, jest nadzieja\u201d. \u015awie\u017ce do\u015bwiadczenie wiary w Jezusa sta\u0142o si\u0119 udzia\u0142em tysi\u0119cy Ukrai\u0144c\u00f3w w czasie trwaj\u0105cej wojny.<\/p><p>Wyrazistym symbolem tej wiary i nadziei jest podarowany przez stron\u0119 ukrai\u0144sk\u0105 obraz ukrzy\u017cowanego Chrystusa na tle tragedii, kt\u00f3re mia\u0142y miejsce w wyniku wojny, mi\u0119dzy innymi \u015bmier\u0107 ponad 40 os\u00f3b w Kramatorsku po ataku rosyjskiej rakiety. Tylko ofiara Chrystusa jest ratunkiem wobec bezmiaru b\u00f3lu, cierpienia, nienawi\u015bci!<\/p><p>Uczestnicy spotkania uzgodnili dalszy dialog mi\u0119dzy REPKU a AE w RP oraz wsp\u00f3lne, praktyczne dzia\u0142ania na rzecz wsp\u00f3\u0142pracy.<\/p><p>W spotkaniu delegacji REPKU i AE w RP uczestniczyli,<\/p><p>ze strony ukrai\u0144skiej: <br \/>biskup Oleksander Zaytsev (Ukrai\u0144ski Ko\u015bci\u00f3\u0142 Ewangeliczny), <br \/>pastor dr Ivan Rusyn (Ukrai\u0144ski Ko\u015bci\u00f3\u0142 Ewangeliczny), <br \/>biskup dr Stanislav Nosov (Ukrai\u0144ska Unia Konferencji Charyzmatycznego Ko\u015bcio\u0142a), <br \/>biskup Oleksandr Babiychuk (Ukrai\u0144skie Towarzystwo Biblijne), <br \/>biskup dr Anatoliy Kozachok (Ukrai\u0144ski Ko\u015bci\u00f3\u0142 Zielono\u015bwi\u0105tkowy), <br \/>pastor Yurii Kulakevych (Ukrai\u0144ski Ko\u015bci\u00f3\u0142 Zielono\u015bwi\u0105tkowy), <br \/>Oleksandr Zaiets (Instytut Wolno\u015bci Religijnej), <br \/>biskup Anatolii Kaliuzhniy (Rada Niezale\u017cnych Ewangelicznych Ko\u015bcio\u0142\u00f3w Ukrainy), <br \/>biskup Vasyl Furta (Wszechukrai\u0144ska Unia Ko\u015bcio\u0142\u00f3w Ewangelicznych Chrze\u015bcijan Baptyst\u00f3w), <br \/>pastor Pawe\u0142 Tarnopolski (\u017bydowskie Wsp\u00f3lnoty Mesja\u0144skie), <br \/>pastor Aleksandr Demanenko (Maranatha Mission Europe), <br \/>pastor Anton Tishchenko (Ko\u015bci\u00f3\u0142 Nowe Pokolenie),\u00a0<br \/>pastor Vadim Marchenko (Ko\u015bci\u00f3\u0142 S\u0142owo Wiary) <\/p><p>ze strony polskiej: <br \/>biskup Andrzej Baje\u0144ski (Ko\u015bci\u00f3\u0142 Chrystusowy w RP), <br \/>pastor Marek G\u0142odek (Ko\u015bci\u00f3\u0142 Chrze\u015bcijan Baptyst\u00f3w w RP), <br \/>biskup dr Andrzej Jeziernicki (Ko\u015bci\u00f3\u0142 Chrze\u015bcijan Wiary Ewangelicznej), <br \/>biskup dr Marek Kami\u0144ski (Ko\u015bci\u00f3\u0142 Zielono\u015bwi\u0105tkowy), <br \/>pastor Marek Konderla (Ewangeliczna Wsp\u00f3lnota Zielono\u015bwi\u0105tkowa), <br \/>pastor Andrzej N\u0119dzusiak (Ko\u015bci\u00f3\u0142 Bo\u017cy w Chrystusie), <br \/>biskup Wojciech W\u0142och (Ko\u015bci\u00f3\u0142 Bo\u017cy w Polsce).<\/p>\t\t\t\t\t\t\t\t<\/div>\n\t\t\t\t<\/div>\n\t\t\t\t\t<\/div>\n\t\t<\/div>\n\t\t\t\t\t<\/div>\n\t\t<\/section>\n\t\t\t\t<section class=\"elementor-section elementor-top-section elementor-element elementor-element-93a8b4f elementor-section-boxed elementor-section-height-default elementor-section-height-default\" data-id=\"93a8b4f\" data-element_type=\"section\">\n\t\t\t\t\t\t<div class=\"elementor-container elementor-column-gap-default\">\n\t\t\t\t\t<div class=\"elementor-column elementor-col-100 elementor-top-column elementor-element elementor-element-028691f\" data-id=\"028691f\" data-element_type=\"column\">\n\t\t\t<div class=\"elementor-widget-wrap elementor-element-populated\">\n\t\t\t\t\t\t<div class=\"elementor-element elementor-element-4ea4fd8 gallery-spacing-custom elementor-widget elementor-widget-image-gallery\" data-id=\"4ea4fd8\" data-element_type=\"widget\" data-widget_type=\"image-gallery.default\">\n\t\t\t\t<div class=\"elementor-widget-container\">\n\t\t\t\t\t\t\t<div class=\"elementor-image-gallery\">\n\t\t\t<div id='gallery-1' class='gallery galleryid-1700 gallery-columns-4 gallery-size-medium'><figure class='gallery-item'>\n\t\t\t<div class='gallery-icon landscape'>\n\t\t\t\t<a data-elementor-open-lightbox=\"yes\" data-elementor-lightbox-slideshow=\"4ea4fd8\" data-elementor-lightbox-title=\"1\" data-e-action-hash=\"#elementor-action%3Aaction%3Dlightbox%26settings%3DeyJpZCI6MTcwNywidXJsIjoiaHR0cHM6XC9cL2FsaWFuc2V3YW5nZWxpY3pueS5wbFwvd3AtY29udGVudFwvdXBsb2Fkc1wvMjAyNVwvMDlcLzEuanBnIiwic2xpZGVzaG93IjoiNGVhNGZkOCJ9\" href='https:\/\/aliansewangeliczny.pl\/wp-content\/uploads\/2025\/09\/1.jpg'><img fetchpriority=\"high\" decoding=\"async\" width=\"300\" height=\"251\" src=\"https:\/\/aliansewangeliczny.pl\/wp-content\/uploads\/2025\/09\/1-300x251.jpg\" class=\"attachment-medium size-medium\" alt=\"\" srcset=\"https:\/\/aliansewangeliczny.pl\/wp-content\/uploads\/2025\/09\/1-300x251.jpg 300w, https:\/\/aliansewangeliczny.pl\/wp-content\/uploads\/2025\/09\/1-768x644.jpg 768w, https:\/\/aliansewangeliczny.pl\/wp-content\/uploads\/2025\/09\/1.jpg 940w\" sizes=\"(max-width: 300px) 100vw, 300px\" \/><\/a>\n\t\t\t<\/div><\/figure><figure class='gallery-item'>\n\t\t\t<div class='gallery-icon landscape'>\n\t\t\t\t<a data-elementor-open-lightbox=\"yes\" data-elementor-lightbox-slideshow=\"4ea4fd8\" data-elementor-lightbox-title=\"2\" data-e-action-hash=\"#elementor-action%3Aaction%3Dlightbox%26settings%3DeyJpZCI6MTcwOCwidXJsIjoiaHR0cHM6XC9cL2FsaWFuc2V3YW5nZWxpY3pueS5wbFwvd3AtY29udGVudFwvdXBsb2Fkc1wvMjAyNVwvMDlcLzIuanBnIiwic2xpZGVzaG93IjoiNGVhNGZkOCJ9\" href='https:\/\/aliansewangeliczny.pl\/wp-content\/uploads\/2025\/09\/2.jpg'><img decoding=\"async\" width=\"300\" height=\"251\" src=\"https:\/\/aliansewangeliczny.pl\/wp-content\/uploads\/2025\/09\/2-300x251.jpg\" class=\"attachment-medium size-medium\" alt=\"\" srcset=\"https:\/\/aliansewangeliczny.pl\/wp-content\/uploads\/2025\/09\/2-300x251.jpg 300w, https:\/\/aliansewangeliczny.pl\/wp-content\/uploads\/2025\/09\/2-768x644.jpg 768w, https:\/\/aliansewangeliczny.pl\/wp-content\/uploads\/2025\/09\/2.jpg 940w\" sizes=\"(max-width: 300px) 100vw, 300px\" \/><\/a>\n\t\t\t<\/div><\/figure><figure class='gallery-item'>\n\t\t\t<div class='gallery-icon landscape'>\n\t\t\t\t<a data-elementor-open-lightbox=\"yes\" data-elementor-lightbox-slideshow=\"4ea4fd8\" data-elementor-lightbox-title=\"3\" data-e-action-hash=\"#elementor-action%3Aaction%3Dlightbox%26settings%3DeyJpZCI6MTcwOSwidXJsIjoiaHR0cHM6XC9cL2FsaWFuc2V3YW5nZWxpY3pueS5wbFwvd3AtY29udGVudFwvdXBsb2Fkc1wvMjAyNVwvMDlcLzMuanBnIiwic2xpZGVzaG93IjoiNGVhNGZkOCJ9\" href='https:\/\/aliansewangeliczny.pl\/wp-content\/uploads\/2025\/09\/3.jpg'><img decoding=\"async\" width=\"300\" height=\"251\" src=\"https:\/\/aliansewangeliczny.pl\/wp-content\/uploads\/2025\/09\/3-300x251.jpg\" class=\"attachment-medium size-medium\" alt=\"\" srcset=\"https:\/\/aliansewangeliczny.pl\/wp-content\/uploads\/2025\/09\/3-300x251.jpg 300w, https:\/\/aliansewangeliczny.pl\/wp-content\/uploads\/2025\/09\/3-768x644.jpg 768w, https:\/\/aliansewangeliczny.pl\/wp-content\/uploads\/2025\/09\/3.jpg 940w\" sizes=\"(max-width: 300px) 100vw, 300px\" \/><\/a>\n\t\t\t<\/div><\/figure><figure class='gallery-item'>\n\t\t\t<div class='gallery-icon landscape'>\n\t\t\t\t<a data-elementor-open-lightbox=\"yes\" data-elementor-lightbox-slideshow=\"4ea4fd8\" data-elementor-lightbox-title=\"4\" data-e-action-hash=\"#elementor-action%3Aaction%3Dlightbox%26settings%3DeyJpZCI6MTcwMywidXJsIjoiaHR0cHM6XC9cL2FsaWFuc2V3YW5nZWxpY3pueS5wbFwvd3AtY29udGVudFwvdXBsb2Fkc1wvMjAyNVwvMDlcLzQuanBnIiwic2xpZGVzaG93IjoiNGVhNGZkOCJ9\" href='https:\/\/aliansewangeliczny.pl\/wp-content\/uploads\/2025\/09\/4.jpg'><img loading=\"lazy\" decoding=\"async\" width=\"300\" height=\"251\" src=\"https:\/\/aliansewangeliczny.pl\/wp-content\/uploads\/2025\/09\/4-300x251.jpg\" class=\"attachment-medium size-medium\" alt=\"\" srcset=\"https:\/\/aliansewangeliczny.pl\/wp-content\/uploads\/2025\/09\/4-300x251.jpg 300w, https:\/\/aliansewangeliczny.pl\/wp-content\/uploads\/2025\/09\/4-768x644.jpg 768w, https:\/\/aliansewangeliczny.pl\/wp-content\/uploads\/2025\/09\/4.jpg 940w\" sizes=\"(max-width: 300px) 100vw, 300px\" \/><\/a>\n\t\t\t<\/div><\/figure><figure class='gallery-item'>\n\t\t\t<div class='gallery-icon landscape'>\n\t\t\t\t<a data-elementor-open-lightbox=\"yes\" data-elementor-lightbox-slideshow=\"4ea4fd8\" data-elementor-lightbox-title=\"5\" data-e-action-hash=\"#elementor-action%3Aaction%3Dlightbox%26settings%3DeyJpZCI6MTcwNCwidXJsIjoiaHR0cHM6XC9cL2FsaWFuc2V3YW5nZWxpY3pueS5wbFwvd3AtY29udGVudFwvdXBsb2Fkc1wvMjAyNVwvMDlcLzUuanBnIiwic2xpZGVzaG93IjoiNGVhNGZkOCJ9\" href='https:\/\/aliansewangeliczny.pl\/wp-content\/uploads\/2025\/09\/5.jpg'><img loading=\"lazy\" decoding=\"async\" width=\"300\" height=\"251\" src=\"https:\/\/aliansewangeliczny.pl\/wp-content\/uploads\/2025\/09\/5-300x251.jpg\" class=\"attachment-medium size-medium\" alt=\"\" srcset=\"https:\/\/aliansewangeliczny.pl\/wp-content\/uploads\/2025\/09\/5-300x251.jpg 300w, https:\/\/aliansewangeliczny.pl\/wp-content\/uploads\/2025\/09\/5-768x644.jpg 768w, https:\/\/aliansewangeliczny.pl\/wp-content\/uploads\/2025\/09\/5.jpg 940w\" sizes=\"(max-width: 300px) 100vw, 300px\" \/><\/a>\n\t\t\t<\/div><\/figure><figure class='gallery-item'>\n\t\t\t<div class='gallery-icon landscape'>\n\t\t\t\t<a data-elementor-open-lightbox=\"yes\" data-elementor-lightbox-slideshow=\"4ea4fd8\" data-elementor-lightbox-title=\"6\" data-e-action-hash=\"#elementor-action%3Aaction%3Dlightbox%26settings%3DeyJpZCI6MTcwNSwidXJsIjoiaHR0cHM6XC9cL2FsaWFuc2V3YW5nZWxpY3pueS5wbFwvd3AtY29udGVudFwvdXBsb2Fkc1wvMjAyNVwvMDlcLzYuanBnIiwic2xpZGVzaG93IjoiNGVhNGZkOCJ9\" href='https:\/\/aliansewangeliczny.pl\/wp-content\/uploads\/2025\/09\/6.jpg'><img loading=\"lazy\" decoding=\"async\" width=\"300\" height=\"251\" src=\"https:\/\/aliansewangeliczny.pl\/wp-content\/uploads\/2025\/09\/6-300x251.jpg\" class=\"attachment-medium size-medium\" alt=\"\" srcset=\"https:\/\/aliansewangeliczny.pl\/wp-content\/uploads\/2025\/09\/6-300x251.jpg 300w, https:\/\/aliansewangeliczny.pl\/wp-content\/uploads\/2025\/09\/6-768x644.jpg 768w, https:\/\/aliansewangeliczny.pl\/wp-content\/uploads\/2025\/09\/6.jpg 940w\" sizes=\"(max-width: 300px) 100vw, 300px\" \/><\/a>\n\t\t\t<\/div><\/figure><figure class='gallery-item'>\n\t\t\t<div class='gallery-icon landscape'>\n\t\t\t\t<a data-elementor-open-lightbox=\"yes\" data-elementor-lightbox-slideshow=\"4ea4fd8\" data-elementor-lightbox-title=\"7\" data-e-action-hash=\"#elementor-action%3Aaction%3Dlightbox%26settings%3DeyJpZCI6MTcwNiwidXJsIjoiaHR0cHM6XC9cL2FsaWFuc2V3YW5nZWxpY3pueS5wbFwvd3AtY29udGVudFwvdXBsb2Fkc1wvMjAyNVwvMDlcLzcuanBnIiwic2xpZGVzaG93IjoiNGVhNGZkOCJ9\" href='https:\/\/aliansewangeliczny.pl\/wp-content\/uploads\/2025\/09\/7.jpg'><img loading=\"lazy\" decoding=\"async\" width=\"300\" height=\"251\" src=\"https:\/\/aliansewangeliczny.pl\/wp-content\/uploads\/2025\/09\/7-300x251.jpg\" class=\"attachment-medium size-medium\" alt=\"\" srcset=\"https:\/\/aliansewangeliczny.pl\/wp-content\/uploads\/2025\/09\/7-300x251.jpg 300w, https:\/\/aliansewangeliczny.pl\/wp-content\/uploads\/2025\/09\/7-768x644.jpg 768w, https:\/\/aliansewangeliczny.pl\/wp-content\/uploads\/2025\/09\/7.jpg 940w\" sizes=\"(max-width: 300px) 100vw, 300px\" \/><\/a>\n\t\t\t<\/div><\/figure>\n\t\t<\/div>\n\t\t<\/div>\n\t\t\t\t\t\t<\/div>\n\t\t\t\t<\/div>\n\t\t\t\t\t<\/div>\n\t\t<\/div>\n\t\t\t\t\t<\/div>\n\t\t<\/section>\n\t\t\t\t<\/div>\n\t\t","protected":false},"excerpt":{"rendered":"<p>Ukrai\u0144scy i polscy ewangeliczni chrze\u015bcijanie omawiaj\u0105 sytuacj\u0119 w swoich krajach i modl\u0105 si\u0119 o sprawiedliwy pok\u00f3j na Ukrainie. 24 wrze\u015bnia 2025 roku w Warszawie odby\u0142o si\u0119 spotkanie delegacji Rady Ewangelikalnych Ko\u015bcio\u0142\u00f3w Protestanckich Ukrainy (REPKU) oraz Aliansu Ewangelicznego w Rzeczypospolitej (AE w RP), podczas kt\u00f3rego om\u00f3wiono sytuacj\u0119 w Ukrainie i w Polsce, modlono si\u0119 o sprawiedliwy [&hellip;]<\/p>\n","protected":false},"author":1,"featured_media":0,"parent":0,"menu_order":0,"comment_status":"closed","ping_status":"closed","template":"","meta":{"footnotes":""},"class_list":["post-1700","page","type-page","status-publish","hentry"],"_links":{"self":[{"href":"https:\/\/aliansewangeliczny.pl\/index.php\/wp-json\/wp\/v2\/pages\/1700","targetHints":{"allow":["GET"]}}],"collection":[{"href":"https:\/\/aliansewangeliczny.pl\/index.php\/wp-json\/wp\/v2\/pages"}],"about":[{"href":"https:\/\/aliansewangeliczny.pl\/index.php\/wp-json\/wp\/v2\/types\/page"}],"author":[{"embeddable":true,"href":"https:\/\/aliansewangeliczny.pl\/index.php\/wp-json\/wp\/v2\/users\/1"}],"replies":[{"embeddable":true,"href":"https:\/\/aliansewangeliczny.pl\/index.php\/wp-json\/wp\/v2\/comments?post=1700"}],"version-history":[{"count":19,"href":"https:\/\/aliansewangeliczny.pl\/index.php\/wp-json\/wp\/v2\/pages\/1700\/revisions"}],"predecessor-version":[{"id":1755,"href":"https:\/\/aliansewangeliczny.pl\/index.php\/wp-json\/wp\/v2\/pages\/1700\/revisions\/1755"}],"wp:attachment":[{"href":"https:\/\/aliansewangeliczny.pl\/index.php\/wp-json\/wp\/v2\/media?parent=1700"}],"curies":[{"name":"wp","href":"https:\/\/api.w.org\/{rel}","templated":true}]}}