{"id":1779,"date":"2025-11-12T21:16:55","date_gmt":"2025-11-12T20:16:55","guid":{"rendered":"https:\/\/aliansewangeliczny.pl\/?page_id=1779"},"modified":"2025-11-12T21:27:01","modified_gmt":"2025-11-12T20:27:01","slug":"wea","status":"publish","type":"page","link":"https:\/\/aliansewangeliczny.pl\/index.php\/wea\/","title":{"rendered":"WEA"},"content":{"rendered":"\t\t<div data-elementor-type=\"wp-page\" data-elementor-id=\"1779\" class=\"elementor elementor-1779\" data-elementor-post-type=\"page\">\n\t\t\t\t\t\t<section class=\"elementor-section elementor-top-section elementor-element elementor-element-288f2b0 elementor-section-boxed elementor-section-height-default elementor-section-height-default\" data-id=\"288f2b0\" data-element_type=\"section\">\n\t\t\t\t\t\t<div class=\"elementor-container elementor-column-gap-default\">\n\t\t\t\t\t<div class=\"elementor-column elementor-col-100 elementor-top-column elementor-element elementor-element-525dba3\" data-id=\"525dba3\" data-element_type=\"column\">\n\t\t\t<div class=\"elementor-widget-wrap elementor-element-populated\">\n\t\t\t\t\t\t<div class=\"elementor-element elementor-element-04d1960 elementor-widget elementor-widget-heading\" data-id=\"04d1960\" data-element_type=\"widget\" data-widget_type=\"heading.default\">\n\t\t\t\t<div class=\"elementor-widget-container\">\n\t\t\t\t\t<h2 class=\"elementor-heading-title elementor-size-default\">Zgromadzenie Og\u00f3lne \u015awiatowego Aliansu Ewangelicznego\nSeul, 27-31 pa\u017adziernika 2025\n<\/h2>\t\t\t\t<\/div>\n\t\t\t\t<\/div>\n\t\t\t\t\t<\/div>\n\t\t<\/div>\n\t\t\t\t\t<\/div>\n\t\t<\/section>\n\t\t\t\t<section class=\"elementor-section elementor-top-section elementor-element elementor-element-cb1589f elementor-section-boxed elementor-section-height-default elementor-section-height-default\" data-id=\"cb1589f\" data-element_type=\"section\">\n\t\t\t\t\t\t<div class=\"elementor-container elementor-column-gap-default\">\n\t\t\t\t\t<div class=\"elementor-column elementor-col-100 elementor-top-column elementor-element elementor-element-1a8ff3f\" data-id=\"1a8ff3f\" data-element_type=\"column\">\n\t\t\t<div class=\"elementor-widget-wrap elementor-element-populated\">\n\t\t\t\t\t\t<div class=\"elementor-element elementor-element-6cb4f6c elementor-widget elementor-widget-text-editor\" data-id=\"6cb4f6c\" data-element_type=\"widget\" data-widget_type=\"text-editor.default\">\n\t\t\t\t<div class=\"elementor-widget-container\">\n\t\t\t\t\t\t\t\t\t<p>W dniach 27\u201331 pa\u017adziernika 2025 roku w Seulu odby\u0142o si\u0119 Zgromadzenie Og\u00f3lne \u015awiatowego Aliansu Ewangelicznego (General Assembly of World Evangelical Alliance).<\/p><p>\u015awiatowy Alians Ewageliczny (w skr\u00f3cie WEA) rozpocz\u0105\u0142 swoje istnienie w do\u015b\u0107 gor\u0105cym czasie XIX wieku: Drugie Wielkie Przebudzenie, Wiosna Lud\u00f3w i Manifest Komunistyczny, powstanie teorii ewolucji Darwina. Za\u0142o\u017cycielskie zgromadzenie ewangelicznie wierz\u0105cych mia\u0142o miejsce w Londynie, w 1946 roku. Stopniowo zasi\u0119g nowopowsta\u0142ego Aliansu powi\u0119ksza\u0142 si\u0119, aby obecnie reprezentowa\u0107 ponad 600 mln chrze\u015bcijan identyfikuj\u0105cych si\u0119 zasadami wiary WEA, pochodz\u0105cych ze 161 kraj\u00f3w \u015bwiata. Krajowe Alianse s\u0105 zrzeszone w 9 Aliansach regionalnych (Po\u0142udniowego Pacyfiku, Karaib\u00f3w, Europy, Azji, Azji Centralnej, Afryki, Ameryki P\u00f3\u0142nocnej, Ameryki \u0141aci\u0144skiej oraz Bliskiego Wschodu). Alians Ewangeliczny w RP jest oczywi\u015bcie cz\u0142onkiem Europejskiego Aliansu Ewangelicznego (European Evangelical Alliance).<\/p><p>Zgromadzenia Og\u00f3lne odbywaj\u0105 si\u0119 co 6 lat (poprzednie mia\u0142o miejsce w 2019 roku w D\u017cakarcie, w Indonezji). To ostatnie, pod has\u0142em \u201eEwangelia dla ka\u017cdego do 2033 roku\u201d zgromadzi\u0142o oko\u0142o 7 tysi\u0119cy przyw\u00f3dc\u00f3w (opr\u00f3cz oko\u0142o 850 delegat\u00f3w na Zgromadzenie Og\u00f3lne, by\u0142o oko\u0142o tysi\u0105ca innych lider\u00f3w z Afryki, Azji i Ameryki \u0141aci\u0144skiej, a tak\u017ce oko\u0142o 5 tysi\u0119cy pastor\u00f3w korea\u0144skich). Udzia\u0142 tak znacznej ilo\u015bci przyw\u00f3dc\u00f3w z Globalnego Po\u0142udnia nie jest przypadkowy \u2013 to w\u0142a\u015bnie w Afryce, Ameryce \u0141aci\u0144skiej i Azji zamieszkuje oko\u0142o 70% ewangelicznych chrze\u015bcijan. I to oni obecnie maj\u0105 najwi\u0119cej do powiedzenia w kwestii ewangeliczno\u015bci oraz ewangelicznych misji i innych inicjatyw.<\/p><p>W czasie tych kilku dni, podczas sesji plenarnych, warsztat\u00f3w oraz paneli dyskusyjnych pochylono si\u0119 na kilkoma wa\u017cnymi obszarami:<\/p><ul><li><strong>Misja 2033<\/strong> \u2013 wsp\u00f3lna wizja dla wszystkich kontynent\u00f3w dotarcia z Ewangeli\u0105 do ka\u017cdego do roku 2033 (dwa tysi\u0105ce lat od \u015bmierci i zmartwychwstania Jezusa Chrystusa).<\/li><li><strong>Ca\u0142o\u015bciowe uczniostwo<\/strong> \u2013 odnowienie misyjnej duchowo\u015bci, kt\u00f3ra \u0142\u0105czy s\u0142owa i czyny.<\/li><li><strong>Jedno\u015b\u0107 w r\u00f3\u017cnorodno\u015bci<\/strong> \u2013 wezwanie globalnego ruchu ewangelicznego, aby sta\u0142 si\u0119 \u201ejedn\u0105 rodzin\u0105 z wieloma j\u0119zykami i kulturami\u201d.<\/li><li><strong>Prze\u015bladowania i odbudowa<\/strong> \u2013 solidarno\u015b\u0107 z uciskanymi chrze\u015bcijanami, a w szczeg\u00f3lno\u015bci z kobietami na obszarach dotkni\u0119tych kryzysami.<\/li><\/ul><p>Podczas tego Zgromadzenia Og\u00f3lnego wybrano nowego Sekretarza Generalnego WEA. Zosta\u0142 nim palesty\u0144ski baptysta z Nazaretu, adwokat Botrus Mansour. Wybrano ponadto 11 osobowy sk\u0142ad Rady Mi\u0119dzynarodowej WEA (International Council of WEA) sk\u0142adaj\u0105cy si\u0119 z przedstawicieli 9 regionalnych alians\u00f3w oraz dw\u00f3ch innych os\u00f3b. Europejski Alians Ewangeliczny b\u0119dzie reprezentowa\u0142 dr Reinhard Schink.<\/p><p>W trakcie Zgromadzenia zaprezentowana zosta\u0142a Deklaracja Seulska \u2013 dokument przedstawiaj\u0105cy stanowisko WEA wobec bie\u017c\u0105cych wyzwa\u0144, kt\u00f3ry mi\u0119dzy innymi:<\/p><ul><li>potwierdza, \u017ce Biblia jest naszym wsp\u00f3lnym fundamentem,<\/li><li>wzywa do pokory i jedno\u015bci ponad podzia\u0142ami kulturowymi,<\/li><li>staje w obronie wolno\u015bci \u015bwiatopogl\u0105dowej, ale tak\u017ce biblijnego zrozumienia etyki seksualnej,<\/li><li>a w szczeg\u00f3lno\u015bci w obronie \u017cycia oraz ma\u0142\u017ce\u0144stwa.<br \/><br \/><\/li><\/ul><p>Gospodarzem tego Zgromadzenia Og\u00f3lnego by\u0142 SaRang Church z Seulu we wsp\u00f3\u0142pracy z Yoido Full Gospel Church. Korea\u0144ski ko\u015bci\u00f3\u0142 w znacznym stopniu pokry\u0142 koszty pi\u0119ciodniowego zgromadzenia prawie dw\u00f3ch tysi\u0119cy zagranicznych go\u015bci zapewniaj\u0105c hotele w centrum Seulu, wy\u017cywienie i znakomit\u0105 organizacj\u0119 ca\u0142ego wydarzenia. Uczestnicy do\u015bwiadczyli niesamowitej go\u015bcinno\u015bci, \u017cyczliwo\u015bci i troski ze strony korea\u0144skich gospodarzy.<\/p><p>Warto jeszcze wspomnie\u0107, \u017ce budynek Ko\u015bcio\u0142a SaRang, mieszcz\u0105cy si\u0119 w dzielnicy Gangnam, w samym centrum miasta, sk\u0142ada si\u0119 z dw\u00f3ch wie\u017c, z kt\u00f3rych wy\u017csza ma 14 kondygnacji ponad powierzchni\u0105 ziemi. Ponadto pod ziemi\u0105 jest jeszcze 7 kondygnacji (dwie najni\u017csze to parkingi). G\u0142\u00f3wna sala zgromadze\u0144, zag\u0142\u0119biaj\u0105ca si\u0119 w d\u00f3\u0142 na 4 kondygnacje, mie\u015bci niemal 7 tysi\u0119cy os\u00f3b. W ka\u017cd\u0105 niedziel\u0119 na czterech nabo\u017ce\u0144stwach gromadzi si\u0119 \u015brednio 35 tysi\u0119cy os\u00f3b.<\/p><p>Rick Warren przedstawi\u0142 podczas tego zgromadzenia cykl naucza\u0144 na temat ewangelizacji.<\/p><p>Uczestnicy Zgromadzenia mogli te\u017c zwiedzi\u0107 galeri\u0119 obraz\u00f3w Akiany Kramarik zapoznaj\u0105c si\u0119 z histori\u0105 jej najs\u0142ynniejszego dzie\u0142a \u201eKsi\u0105\u017c\u0119 Pokoju\u201d (Prince of Peace).<\/p>\t\t\t\t\t\t\t\t<\/div>\n\t\t\t\t<\/div>\n\t\t\t\t\t<\/div>\n\t\t<\/div>\n\t\t\t\t\t<\/div>\n\t\t<\/section>\n\t\t\t\t<section class=\"elementor-section elementor-top-section elementor-element elementor-element-93a8b4f elementor-section-boxed elementor-section-height-default elementor-section-height-default\" data-id=\"93a8b4f\" data-element_type=\"section\">\n\t\t\t\t\t\t<div class=\"elementor-container elementor-column-gap-default\">\n\t\t\t\t\t<div class=\"elementor-column elementor-col-100 elementor-top-column elementor-element elementor-element-028691f\" data-id=\"028691f\" data-element_type=\"column\">\n\t\t\t<div class=\"elementor-widget-wrap elementor-element-populated\">\n\t\t\t\t\t\t<div class=\"elementor-element elementor-element-4ea4fd8 gallery-spacing-custom elementor-widget elementor-widget-image-gallery\" data-id=\"4ea4fd8\" data-element_type=\"widget\" data-widget_type=\"image-gallery.default\">\n\t\t\t\t<div class=\"elementor-widget-container\">\n\t\t\t\t\t\t\t<div class=\"elementor-image-gallery\">\n\t\t\t<div id='gallery-1' class='gallery galleryid-1779 gallery-columns-4 gallery-size-medium'><figure class='gallery-item'>\n\t\t\t<div class='gallery-icon landscape'>\n\t\t\t\t<a data-elementor-open-lightbox=\"yes\" data-elementor-lightbox-slideshow=\"4ea4fd8\" data-elementor-lightbox-title=\"1\" data-e-action-hash=\"#elementor-action%3Aaction%3Dlightbox%26settings%3DeyJpZCI6MTc5MSwidXJsIjoiaHR0cHM6XC9cL2FsaWFuc2V3YW5nZWxpY3pueS5wbFwvd3AtY29udGVudFwvdXBsb2Fkc1wvMjAyNVwvMTFcLzEuanBnIiwic2xpZGVzaG93IjoiNGVhNGZkOCJ9\" href='https:\/\/aliansewangeliczny.pl\/wp-content\/uploads\/2025\/11\/1.jpg'><img fetchpriority=\"high\" decoding=\"async\" width=\"300\" height=\"251\" src=\"https:\/\/aliansewangeliczny.pl\/wp-content\/uploads\/2025\/11\/1-300x251.jpg\" class=\"attachment-medium size-medium\" alt=\"\" srcset=\"https:\/\/aliansewangeliczny.pl\/wp-content\/uploads\/2025\/11\/1-300x251.jpg 300w, https:\/\/aliansewangeliczny.pl\/wp-content\/uploads\/2025\/11\/1-768x644.jpg 768w, https:\/\/aliansewangeliczny.pl\/wp-content\/uploads\/2025\/11\/1.jpg 940w\" sizes=\"(max-width: 300px) 100vw, 300px\" \/><\/a>\n\t\t\t<\/div><\/figure><figure class='gallery-item'>\n\t\t\t<div class='gallery-icon landscape'>\n\t\t\t\t<a data-elementor-open-lightbox=\"yes\" data-elementor-lightbox-slideshow=\"4ea4fd8\" data-elementor-lightbox-title=\"2\" data-e-action-hash=\"#elementor-action%3Aaction%3Dlightbox%26settings%3DeyJpZCI6MTc5MiwidXJsIjoiaHR0cHM6XC9cL2FsaWFuc2V3YW5nZWxpY3pueS5wbFwvd3AtY29udGVudFwvdXBsb2Fkc1wvMjAyNVwvMTFcLzIuanBnIiwic2xpZGVzaG93IjoiNGVhNGZkOCJ9\" href='https:\/\/aliansewangeliczny.pl\/wp-content\/uploads\/2025\/11\/2.jpg'><img decoding=\"async\" width=\"300\" height=\"251\" src=\"https:\/\/aliansewangeliczny.pl\/wp-content\/uploads\/2025\/11\/2-300x251.jpg\" class=\"attachment-medium size-medium\" alt=\"\" srcset=\"https:\/\/aliansewangeliczny.pl\/wp-content\/uploads\/2025\/11\/2-300x251.jpg 300w, https:\/\/aliansewangeliczny.pl\/wp-content\/uploads\/2025\/11\/2-768x644.jpg 768w, https:\/\/aliansewangeliczny.pl\/wp-content\/uploads\/2025\/11\/2.jpg 940w\" sizes=\"(max-width: 300px) 100vw, 300px\" \/><\/a>\n\t\t\t<\/div><\/figure><figure class='gallery-item'>\n\t\t\t<div class='gallery-icon landscape'>\n\t\t\t\t<a data-elementor-open-lightbox=\"yes\" data-elementor-lightbox-slideshow=\"4ea4fd8\" data-elementor-lightbox-title=\"3\" data-e-action-hash=\"#elementor-action%3Aaction%3Dlightbox%26settings%3DeyJpZCI6MTc5MywidXJsIjoiaHR0cHM6XC9cL2FsaWFuc2V3YW5nZWxpY3pueS5wbFwvd3AtY29udGVudFwvdXBsb2Fkc1wvMjAyNVwvMTFcLzMuanBnIiwic2xpZGVzaG93IjoiNGVhNGZkOCJ9\" href='https:\/\/aliansewangeliczny.pl\/wp-content\/uploads\/2025\/11\/3.jpg'><img decoding=\"async\" width=\"300\" height=\"251\" src=\"https:\/\/aliansewangeliczny.pl\/wp-content\/uploads\/2025\/11\/3-300x251.jpg\" class=\"attachment-medium size-medium\" alt=\"\" srcset=\"https:\/\/aliansewangeliczny.pl\/wp-content\/uploads\/2025\/11\/3-300x251.jpg 300w, https:\/\/aliansewangeliczny.pl\/wp-content\/uploads\/2025\/11\/3-768x644.jpg 768w, https:\/\/aliansewangeliczny.pl\/wp-content\/uploads\/2025\/11\/3.jpg 940w\" sizes=\"(max-width: 300px) 100vw, 300px\" \/><\/a>\n\t\t\t<\/div><\/figure><figure class='gallery-item'>\n\t\t\t<div class='gallery-icon landscape'>\n\t\t\t\t<a data-elementor-open-lightbox=\"yes\" data-elementor-lightbox-slideshow=\"4ea4fd8\" data-elementor-lightbox-title=\"4\" data-e-action-hash=\"#elementor-action%3Aaction%3Dlightbox%26settings%3DeyJpZCI6MTc5NCwidXJsIjoiaHR0cHM6XC9cL2FsaWFuc2V3YW5nZWxpY3pueS5wbFwvd3AtY29udGVudFwvdXBsb2Fkc1wvMjAyNVwvMTFcLzQuanBnIiwic2xpZGVzaG93IjoiNGVhNGZkOCJ9\" href='https:\/\/aliansewangeliczny.pl\/wp-content\/uploads\/2025\/11\/4.jpg'><img loading=\"lazy\" decoding=\"async\" width=\"300\" height=\"251\" src=\"https:\/\/aliansewangeliczny.pl\/wp-content\/uploads\/2025\/11\/4-300x251.jpg\" class=\"attachment-medium size-medium\" alt=\"\" srcset=\"https:\/\/aliansewangeliczny.pl\/wp-content\/uploads\/2025\/11\/4-300x251.jpg 300w, https:\/\/aliansewangeliczny.pl\/wp-content\/uploads\/2025\/11\/4-768x644.jpg 768w, https:\/\/aliansewangeliczny.pl\/wp-content\/uploads\/2025\/11\/4.jpg 940w\" sizes=\"(max-width: 300px) 100vw, 300px\" \/><\/a>\n\t\t\t<\/div><\/figure><figure class='gallery-item'>\n\t\t\t<div class='gallery-icon landscape'>\n\t\t\t\t<a data-elementor-open-lightbox=\"yes\" data-elementor-lightbox-slideshow=\"4ea4fd8\" data-elementor-lightbox-title=\"5\" data-e-action-hash=\"#elementor-action%3Aaction%3Dlightbox%26settings%3DeyJpZCI6MTc5NSwidXJsIjoiaHR0cHM6XC9cL2FsaWFuc2V3YW5nZWxpY3pueS5wbFwvd3AtY29udGVudFwvdXBsb2Fkc1wvMjAyNVwvMTFcLzUuanBnIiwic2xpZGVzaG93IjoiNGVhNGZkOCJ9\" href='https:\/\/aliansewangeliczny.pl\/wp-content\/uploads\/2025\/11\/5.jpg'><img loading=\"lazy\" decoding=\"async\" width=\"300\" height=\"251\" src=\"https:\/\/aliansewangeliczny.pl\/wp-content\/uploads\/2025\/11\/5-300x251.jpg\" class=\"attachment-medium size-medium\" alt=\"\" srcset=\"https:\/\/aliansewangeliczny.pl\/wp-content\/uploads\/2025\/11\/5-300x251.jpg 300w, https:\/\/aliansewangeliczny.pl\/wp-content\/uploads\/2025\/11\/5-768x644.jpg 768w, https:\/\/aliansewangeliczny.pl\/wp-content\/uploads\/2025\/11\/5.jpg 940w\" sizes=\"(max-width: 300px) 100vw, 300px\" \/><\/a>\n\t\t\t<\/div><\/figure><figure class='gallery-item'>\n\t\t\t<div class='gallery-icon landscape'>\n\t\t\t\t<a data-elementor-open-lightbox=\"yes\" data-elementor-lightbox-slideshow=\"4ea4fd8\" data-elementor-lightbox-title=\"6\" data-e-action-hash=\"#elementor-action%3Aaction%3Dlightbox%26settings%3DeyJpZCI6MTc5NiwidXJsIjoiaHR0cHM6XC9cL2FsaWFuc2V3YW5nZWxpY3pueS5wbFwvd3AtY29udGVudFwvdXBsb2Fkc1wvMjAyNVwvMTFcLzYuanBnIiwic2xpZGVzaG93IjoiNGVhNGZkOCJ9\" href='https:\/\/aliansewangeliczny.pl\/wp-content\/uploads\/2025\/11\/6.jpg'><img loading=\"lazy\" decoding=\"async\" width=\"300\" height=\"251\" src=\"https:\/\/aliansewangeliczny.pl\/wp-content\/uploads\/2025\/11\/6-300x251.jpg\" class=\"attachment-medium size-medium\" alt=\"\" srcset=\"https:\/\/aliansewangeliczny.pl\/wp-content\/uploads\/2025\/11\/6-300x251.jpg 300w, https:\/\/aliansewangeliczny.pl\/wp-content\/uploads\/2025\/11\/6-768x644.jpg 768w, https:\/\/aliansewangeliczny.pl\/wp-content\/uploads\/2025\/11\/6.jpg 940w\" sizes=\"(max-width: 300px) 100vw, 300px\" \/><\/a>\n\t\t\t<\/div><\/figure><figure class='gallery-item'>\n\t\t\t<div class='gallery-icon landscape'>\n\t\t\t\t<a data-elementor-open-lightbox=\"yes\" data-elementor-lightbox-slideshow=\"4ea4fd8\" data-elementor-lightbox-title=\"7\" data-e-action-hash=\"#elementor-action%3Aaction%3Dlightbox%26settings%3DeyJpZCI6MTc5NywidXJsIjoiaHR0cHM6XC9cL2FsaWFuc2V3YW5nZWxpY3pueS5wbFwvd3AtY29udGVudFwvdXBsb2Fkc1wvMjAyNVwvMTFcLzcuanBnIiwic2xpZGVzaG93IjoiNGVhNGZkOCJ9\" href='https:\/\/aliansewangeliczny.pl\/wp-content\/uploads\/2025\/11\/7.jpg'><img loading=\"lazy\" decoding=\"async\" width=\"300\" height=\"251\" src=\"https:\/\/aliansewangeliczny.pl\/wp-content\/uploads\/2025\/11\/7-300x251.jpg\" class=\"attachment-medium size-medium\" alt=\"\" srcset=\"https:\/\/aliansewangeliczny.pl\/wp-content\/uploads\/2025\/11\/7-300x251.jpg 300w, https:\/\/aliansewangeliczny.pl\/wp-content\/uploads\/2025\/11\/7-768x644.jpg 768w, https:\/\/aliansewangeliczny.pl\/wp-content\/uploads\/2025\/11\/7.jpg 940w\" sizes=\"(max-width: 300px) 100vw, 300px\" \/><\/a>\n\t\t\t<\/div><\/figure><figure class='gallery-item'>\n\t\t\t<div class='gallery-icon landscape'>\n\t\t\t\t<a data-elementor-open-lightbox=\"yes\" data-elementor-lightbox-slideshow=\"4ea4fd8\" data-elementor-lightbox-title=\"8\" data-e-action-hash=\"#elementor-action%3Aaction%3Dlightbox%26settings%3DeyJpZCI6MTc5OCwidXJsIjoiaHR0cHM6XC9cL2FsaWFuc2V3YW5nZWxpY3pueS5wbFwvd3AtY29udGVudFwvdXBsb2Fkc1wvMjAyNVwvMTFcLzguanBnIiwic2xpZGVzaG93IjoiNGVhNGZkOCJ9\" href='https:\/\/aliansewangeliczny.pl\/wp-content\/uploads\/2025\/11\/8.jpg'><img loading=\"lazy\" decoding=\"async\" width=\"300\" height=\"251\" src=\"https:\/\/aliansewangeliczny.pl\/wp-content\/uploads\/2025\/11\/8-300x251.jpg\" class=\"attachment-medium size-medium\" alt=\"\" srcset=\"https:\/\/aliansewangeliczny.pl\/wp-content\/uploads\/2025\/11\/8-300x251.jpg 300w, https:\/\/aliansewangeliczny.pl\/wp-content\/uploads\/2025\/11\/8-768x644.jpg 768w, https:\/\/aliansewangeliczny.pl\/wp-content\/uploads\/2025\/11\/8.jpg 940w\" sizes=\"(max-width: 300px) 100vw, 300px\" \/><\/a>\n\t\t\t<\/div><\/figure><figure class='gallery-item'>\n\t\t\t<div class='gallery-icon landscape'>\n\t\t\t\t<a data-elementor-open-lightbox=\"yes\" data-elementor-lightbox-slideshow=\"4ea4fd8\" data-elementor-lightbox-title=\"9\" data-e-action-hash=\"#elementor-action%3Aaction%3Dlightbox%26settings%3DeyJpZCI6MTc5OSwidXJsIjoiaHR0cHM6XC9cL2FsaWFuc2V3YW5nZWxpY3pueS5wbFwvd3AtY29udGVudFwvdXBsb2Fkc1wvMjAyNVwvMTFcLzkuanBnIiwic2xpZGVzaG93IjoiNGVhNGZkOCJ9\" href='https:\/\/aliansewangeliczny.pl\/wp-content\/uploads\/2025\/11\/9.jpg'><img loading=\"lazy\" decoding=\"async\" width=\"300\" height=\"251\" src=\"https:\/\/aliansewangeliczny.pl\/wp-content\/uploads\/2025\/11\/9-300x251.jpg\" class=\"attachment-medium size-medium\" alt=\"\" srcset=\"https:\/\/aliansewangeliczny.pl\/wp-content\/uploads\/2025\/11\/9-300x251.jpg 300w, https:\/\/aliansewangeliczny.pl\/wp-content\/uploads\/2025\/11\/9-768x644.jpg 768w, https:\/\/aliansewangeliczny.pl\/wp-content\/uploads\/2025\/11\/9.jpg 940w\" sizes=\"(max-width: 300px) 100vw, 300px\" \/><\/a>\n\t\t\t<\/div><\/figure><figure class='gallery-item'>\n\t\t\t<div class='gallery-icon landscape'>\n\t\t\t\t<a data-elementor-open-lightbox=\"yes\" data-elementor-lightbox-slideshow=\"4ea4fd8\" data-elementor-lightbox-title=\"10\" data-e-action-hash=\"#elementor-action%3Aaction%3Dlightbox%26settings%3DeyJpZCI6MTgwMCwidXJsIjoiaHR0cHM6XC9cL2FsaWFuc2V3YW5nZWxpY3pueS5wbFwvd3AtY29udGVudFwvdXBsb2Fkc1wvMjAyNVwvMTFcLzEwLmpwZyIsInNsaWRlc2hvdyI6IjRlYTRmZDgifQ%3D%3D\" href='https:\/\/aliansewangeliczny.pl\/wp-content\/uploads\/2025\/11\/10.jpg'><img loading=\"lazy\" decoding=\"async\" width=\"300\" height=\"251\" src=\"https:\/\/aliansewangeliczny.pl\/wp-content\/uploads\/2025\/11\/10-300x251.jpg\" class=\"attachment-medium size-medium\" alt=\"\" srcset=\"https:\/\/aliansewangeliczny.pl\/wp-content\/uploads\/2025\/11\/10-300x251.jpg 300w, https:\/\/aliansewangeliczny.pl\/wp-content\/uploads\/2025\/11\/10-768x644.jpg 768w, https:\/\/aliansewangeliczny.pl\/wp-content\/uploads\/2025\/11\/10.jpg 940w\" sizes=\"(max-width: 300px) 100vw, 300px\" \/><\/a>\n\t\t\t<\/div><\/figure><figure class='gallery-item'>\n\t\t\t<div class='gallery-icon landscape'>\n\t\t\t\t<a data-elementor-open-lightbox=\"yes\" data-elementor-lightbox-slideshow=\"4ea4fd8\" data-elementor-lightbox-title=\"11\" data-e-action-hash=\"#elementor-action%3Aaction%3Dlightbox%26settings%3DeyJpZCI6MTgwMSwidXJsIjoiaHR0cHM6XC9cL2FsaWFuc2V3YW5nZWxpY3pueS5wbFwvd3AtY29udGVudFwvdXBsb2Fkc1wvMjAyNVwvMTFcLzExLmpwZyIsInNsaWRlc2hvdyI6IjRlYTRmZDgifQ%3D%3D\" href='https:\/\/aliansewangeliczny.pl\/wp-content\/uploads\/2025\/11\/11.jpg'><img loading=\"lazy\" decoding=\"async\" width=\"300\" height=\"251\" src=\"https:\/\/aliansewangeliczny.pl\/wp-content\/uploads\/2025\/11\/11-300x251.jpg\" class=\"attachment-medium size-medium\" alt=\"\" srcset=\"https:\/\/aliansewangeliczny.pl\/wp-content\/uploads\/2025\/11\/11-300x251.jpg 300w, https:\/\/aliansewangeliczny.pl\/wp-content\/uploads\/2025\/11\/11-768x644.jpg 768w, https:\/\/aliansewangeliczny.pl\/wp-content\/uploads\/2025\/11\/11.jpg 940w\" sizes=\"(max-width: 300px) 100vw, 300px\" \/><\/a>\n\t\t\t<\/div><\/figure><figure class='gallery-item'>\n\t\t\t<div class='gallery-icon landscape'>\n\t\t\t\t<a data-elementor-open-lightbox=\"yes\" data-elementor-lightbox-slideshow=\"4ea4fd8\" data-elementor-lightbox-title=\"12\" data-e-action-hash=\"#elementor-action%3Aaction%3Dlightbox%26settings%3DeyJpZCI6MTgwMiwidXJsIjoiaHR0cHM6XC9cL2FsaWFuc2V3YW5nZWxpY3pueS5wbFwvd3AtY29udGVudFwvdXBsb2Fkc1wvMjAyNVwvMTFcLzEyLmpwZyIsInNsaWRlc2hvdyI6IjRlYTRmZDgifQ%3D%3D\" href='https:\/\/aliansewangeliczny.pl\/wp-content\/uploads\/2025\/11\/12.jpg'><img loading=\"lazy\" decoding=\"async\" width=\"300\" height=\"251\" src=\"https:\/\/aliansewangeliczny.pl\/wp-content\/uploads\/2025\/11\/12-300x251.jpg\" class=\"attachment-medium size-medium\" alt=\"\" srcset=\"https:\/\/aliansewangeliczny.pl\/wp-content\/uploads\/2025\/11\/12-300x251.jpg 300w, https:\/\/aliansewangeliczny.pl\/wp-content\/uploads\/2025\/11\/12-768x644.jpg 768w, https:\/\/aliansewangeliczny.pl\/wp-content\/uploads\/2025\/11\/12.jpg 940w\" sizes=\"(max-width: 300px) 100vw, 300px\" \/><\/a>\n\t\t\t<\/div><\/figure><figure class='gallery-item'>\n\t\t\t<div class='gallery-icon landscape'>\n\t\t\t\t<a data-elementor-open-lightbox=\"yes\" data-elementor-lightbox-slideshow=\"4ea4fd8\" data-elementor-lightbox-title=\"13\" data-e-action-hash=\"#elementor-action%3Aaction%3Dlightbox%26settings%3DeyJpZCI6MTgwMywidXJsIjoiaHR0cHM6XC9cL2FsaWFuc2V3YW5nZWxpY3pueS5wbFwvd3AtY29udGVudFwvdXBsb2Fkc1wvMjAyNVwvMTFcLzEzLmpwZyIsInNsaWRlc2hvdyI6IjRlYTRmZDgifQ%3D%3D\" href='https:\/\/aliansewangeliczny.pl\/wp-content\/uploads\/2025\/11\/13.jpg'><img loading=\"lazy\" decoding=\"async\" width=\"300\" height=\"251\" src=\"https:\/\/aliansewangeliczny.pl\/wp-content\/uploads\/2025\/11\/13-300x251.jpg\" class=\"attachment-medium size-medium\" alt=\"\" srcset=\"https:\/\/aliansewangeliczny.pl\/wp-content\/uploads\/2025\/11\/13-300x251.jpg 300w, https:\/\/aliansewangeliczny.pl\/wp-content\/uploads\/2025\/11\/13-768x644.jpg 768w, https:\/\/aliansewangeliczny.pl\/wp-content\/uploads\/2025\/11\/13.jpg 940w\" sizes=\"(max-width: 300px) 100vw, 300px\" \/><\/a>\n\t\t\t<\/div><\/figure>\n\t\t<\/div>\n\t\t<\/div>\n\t\t\t\t\t\t<\/div>\n\t\t\t\t<\/div>\n\t\t\t\t\t<\/div>\n\t\t<\/div>\n\t\t\t\t\t<\/div>\n\t\t<\/section>\n\t\t\t\t<\/div>\n\t\t","protected":false},"excerpt":{"rendered":"<p>Zgromadzenie Og\u00f3lne \u015awiatowego Aliansu Ewangelicznego Seul, 27-31 pa\u017adziernika 2025 W dniach 27\u201331 pa\u017adziernika 2025 roku w Seulu odby\u0142o si\u0119 Zgromadzenie Og\u00f3lne \u015awiatowego Aliansu Ewangelicznego (General Assembly of World Evangelical Alliance). \u015awiatowy Alians Ewageliczny (w skr\u00f3cie WEA) rozpocz\u0105\u0142 swoje istnienie w do\u015b\u0107 gor\u0105cym czasie XIX wieku: Drugie Wielkie Przebudzenie, Wiosna Lud\u00f3w i Manifest Komunistyczny, powstanie teorii [&hellip;]<\/p>\n","protected":false},"author":1,"featured_media":0,"parent":0,"menu_order":0,"comment_status":"closed","ping_status":"closed","template":"","meta":{"footnotes":""},"class_list":["post-1779","page","type-page","status-publish","hentry"],"_links":{"self":[{"href":"https:\/\/aliansewangeliczny.pl\/index.php\/wp-json\/wp\/v2\/pages\/1779","targetHints":{"allow":["GET"]}}],"collection":[{"href":"https:\/\/aliansewangeliczny.pl\/index.php\/wp-json\/wp\/v2\/pages"}],"about":[{"href":"https:\/\/aliansewangeliczny.pl\/index.php\/wp-json\/wp\/v2\/types\/page"}],"author":[{"embeddable":true,"href":"https:\/\/aliansewangeliczny.pl\/index.php\/wp-json\/wp\/v2\/users\/1"}],"replies":[{"embeddable":true,"href":"https:\/\/aliansewangeliczny.pl\/index.php\/wp-json\/wp\/v2\/comments?post=1779"}],"version-history":[{"count":10,"href":"https:\/\/aliansewangeliczny.pl\/index.php\/wp-json\/wp\/v2\/pages\/1779\/revisions"}],"predecessor-version":[{"id":1809,"href":"https:\/\/aliansewangeliczny.pl\/index.php\/wp-json\/wp\/v2\/pages\/1779\/revisions\/1809"}],"wp:attachment":[{"href":"https:\/\/aliansewangeliczny.pl\/index.php\/wp-json\/wp\/v2\/media?parent=1779"}],"curies":[{"name":"wp","href":"https:\/\/api.w.org\/{rel}","templated":true}]}}