{"id":981,"date":"2023-06-10T15:31:11","date_gmt":"2023-06-10T13:31:11","guid":{"rendered":"https:\/\/aliansewangeliczny.pl\/?page_id=981"},"modified":"2023-06-10T15:46:01","modified_gmt":"2023-06-10T13:46:01","slug":"evangelism-summit","status":"publish","type":"page","link":"https:\/\/aliansewangeliczny.pl\/index.php\/evangelism-summit\/","title":{"rendered":"Evangelism Summit"},"content":{"rendered":"\t\t<div data-elementor-type=\"wp-page\" data-elementor-id=\"981\" class=\"elementor elementor-981\" data-elementor-post-type=\"page\">\n\t\t\t\t\t\t<section class=\"elementor-section elementor-top-section elementor-element elementor-element-107dfd2 elementor-reverse-tablet elementor-reverse-mobile elementor-section-boxed elementor-section-height-default elementor-section-height-default\" data-id=\"107dfd2\" data-element_type=\"section\" data-settings=\"{&quot;background_background&quot;:&quot;classic&quot;}\">\n\t\t\t\t\t\t\t<div class=\"elementor-background-overlay\"><\/div>\n\t\t\t\t\t\t\t<div class=\"elementor-container elementor-column-gap-default\">\n\t\t\t\t\t<div class=\"elementor-column elementor-col-100 elementor-top-column elementor-element elementor-element-660d9d1\" data-id=\"660d9d1\" data-element_type=\"column\" data-settings=\"{&quot;background_background&quot;:&quot;classic&quot;}\">\n\t\t\t<div class=\"elementor-widget-wrap elementor-element-populated\">\n\t\t\t\t\t\t<div class=\"elementor-element elementor-element-5512724 elementor-cta--valign-middle elementor-cta--skin-classic elementor-animated-content elementor-bg-transform elementor-bg-transform-zoom-in elementor-widget elementor-widget-call-to-action\" data-id=\"5512724\" data-element_type=\"widget\" data-widget_type=\"call-to-action.default\">\n\t\t\t\t<div class=\"elementor-widget-container\">\n\t\t\t\t\t\t\t<div class=\"elementor-cta\">\n\t\t\t\t\t<div class=\"elementor-cta__bg-wrapper\">\n\t\t\t\t<div class=\"elementor-cta__bg elementor-bg\" style=\"background-image: url(https:\/\/aliansewangeliczny.pl\/wp-content\/uploads\/2023\/06\/summit-billy-1.jpg);\" role=\"img\" aria-label=\"summit billy (1)\"><\/div>\n\t\t\t\t<div class=\"elementor-cta__bg-overlay\"><\/div>\n\t\t\t<\/div>\n\t\t\t\t\t\t\t<div class=\"elementor-cta__content\">\n\t\t\t\t\n\t\t\t\t\t\t\t\t\t<h2 class=\"elementor-cta__title elementor-cta__content-item elementor-content-item\">\n\t\t\t\t\t\tKonferencja Evangelism Summit - Billy Graham\t\t\t\t\t<\/h2>\n\t\t\t\t\n\t\t\t\t\t\t\t\t\t<div class=\"elementor-cta__description elementor-cta__content-item elementor-content-item\">\n\t\t\t\t\t\t<br>W dniach 19-20 maja w Krakowie odby\u0142 si\u0119 szczyt ewangelizacyjny Evangelism Summit 2023. <br>Podczas tego weekendu uczestnicy wzi\u0119li udzia\u0142 w sze\u015bciu ciekawych panelach na temat g\u0142oszenia Ewangelii. <br>Przedstawianie tego zagadnienia  w r\u00f3\u017cnych uj\u0119ciach wzbudzi\u0142o ogromne zainteresowanie. <br><br>\u017bycie Dobr\u0105 Nowin\u0105, obrona  Ewangelii, dzielenie si\u0119 Ni\u0105 i cena g\u0142oszenia to tylko kilka przyk\u0142ad\u00f3w rozwa\u017ca\u0144 na ten temat.\n<br><br>\nMieli\u015bmy przywilej go\u015bci\u0107 ludzi z r\u00f3\u017cnych stron \u015bwiata, kt\u00f3rzy dzielili si\u0119 swoim do\u015bwiadczeniem w tej kwestii. Byli z nami:\n<br>- Alv Magnus z Norwegii, wieloletni dyrektor M\u0142odzie\u017cy z Misj\u0105, prorok i cz\u0142owiek zajmuj\u0105cy si\u0119 kwesti\u0105 przebudzenia w spo\u0142ecze\u0144stwie,\n<br>- dr Per Ewert ze Szwecji, dyrektor Instytutu Claphman, apologeta i specjalista prowadz\u0105cy badania nad ocen\u0105 wsp\u00f3\u0142czesnej kultury,\n<br>- dr Heinrich Dersken z Niemiec, pastor Wolnego Ko\u015bcio\u0142a Ewangelicznego w Kolonii i dyrektor seminarium biblijnego  Bibelseminar Bonn, zajmuj\u0105cy si\u0119 teologi\u0105 praktyczn\u0105 i cyfryzacj\u0105\n<br> - dr Hugh Osgood z Wielkiej Brytanii, ewangelista i nauczyciel, prezes i za\u0142o\u017cyciel Churches In Communities International,\n<br>- dr J\u00f3gvan Zachariassen z Wysp Owczych, jeden z dyrektor\u00f3w Stowarzyszenia Ewangelizacyjnego Billy\u2019ego Grahama (BGEA), szkoleniowiec i organizator  festiwali BGEA w Europie,\n<br>- Jonny Gravino z W\u0142och, pastor Ko\u015bcio\u0142a Imago Christo w Rzymie i dyrektor W\u0142oskiej Akademii Teologicznej (ITA)\n\n<br><br>Wszystkie wyk\u0142ady, wsp\u00f3lne uwielbienie i modlitwa na nowo rozbudzi\u0142a zapa\u0142 ewangelizacyjny w uczestnikach szczytu, dzi\u0119ki czemu polecenie Jezusa \"Id\u017acie wi\u0119c i czy\u0144cie uczniami wszystkie narody...\" nabra\u0142o w nas nowej mocy. <br>Dzisiaj pe\u0142ni wiary i entuzjazmu oczekujemy praktycznych efekt\u00f3w tego wydarzenia.\n\n \t\t\t\t\t<\/div>\n\t\t\t\t\n\t\t\t\t\t\t\t<\/div>\n\t\t\t\t\t\t<\/div>\n\t\t\t\t\t\t<\/div>\n\t\t\t\t<\/div>\n\t\t\t\t\t<\/div>\n\t\t<\/div>\n\t\t\t\t\t<\/div>\n\t\t<\/section>\n\t\t\t\t<\/div>\n\t\t","protected":false},"excerpt":{"rendered":"<p>Konferencja Evangelism Summit &#8211; Billy Graham W dniach 19-20 maja w Krakowie odby\u0142 si\u0119 szczyt ewangelizacyjny Evangelism Summit 2023. Podczas tego weekendu uczestnicy wzi\u0119li udzia\u0142 w sze\u015bciu ciekawych panelach na temat g\u0142oszenia Ewangelii. Przedstawianie tego zagadnienia w r\u00f3\u017cnych uj\u0119ciach wzbudzi\u0142o ogromne zainteresowanie. \u017bycie Dobr\u0105 Nowin\u0105, obrona Ewangelii, dzielenie si\u0119 Ni\u0105 i cena g\u0142oszenia to tylko [&hellip;]<\/p>\n","protected":false},"author":1,"featured_media":0,"parent":0,"menu_order":0,"comment_status":"closed","ping_status":"closed","template":"","meta":{"footnotes":""},"class_list":["post-981","page","type-page","status-publish","hentry"],"_links":{"self":[{"href":"https:\/\/aliansewangeliczny.pl\/index.php\/wp-json\/wp\/v2\/pages\/981","targetHints":{"allow":["GET"]}}],"collection":[{"href":"https:\/\/aliansewangeliczny.pl\/index.php\/wp-json\/wp\/v2\/pages"}],"about":[{"href":"https:\/\/aliansewangeliczny.pl\/index.php\/wp-json\/wp\/v2\/types\/page"}],"author":[{"embeddable":true,"href":"https:\/\/aliansewangeliczny.pl\/index.php\/wp-json\/wp\/v2\/users\/1"}],"replies":[{"embeddable":true,"href":"https:\/\/aliansewangeliczny.pl\/index.php\/wp-json\/wp\/v2\/comments?post=981"}],"version-history":[{"count":16,"href":"https:\/\/aliansewangeliczny.pl\/index.php\/wp-json\/wp\/v2\/pages\/981\/revisions"}],"predecessor-version":[{"id":1000,"href":"https:\/\/aliansewangeliczny.pl\/index.php\/wp-json\/wp\/v2\/pages\/981\/revisions\/1000"}],"wp:attachment":[{"href":"https:\/\/aliansewangeliczny.pl\/index.php\/wp-json\/wp\/v2\/media?parent=981"}],"curies":[{"name":"wp","href":"https:\/\/api.w.org\/{rel}","templated":true}]}}